{"id":10139,"date":"2025-01-20T17:02:29","date_gmt":"2025-01-20T15:02:29","guid":{"rendered":"https:\/\/villegiales.fr\/?page_id=10139"},"modified":"2025-11-05T13:02:51","modified_gmt":"2025-11-05T11:02:51","slug":"location-les-villegiales-castanet-p3-garage","status":"publish","type":"page","link":"https:\/\/villegiales.fr\/index.php\/location-les-villegiales-castanet-p3-garage\/","title":{"rendered":"Location : Les Vill\u00e9giales Castanet &#8211; P3 + Garage"},"content":{"rendered":"\t\t<div data-elementor-type=\"wp-page\" data-elementor-id=\"10139\" class=\"elementor elementor-10139\" data-elementor-post-type=\"page\">\n\t\t\t\t\t\t<section class=\"elementor-section elementor-top-section elementor-element elementor-element-25e829c2 elementor-hidden-phone elementor-section-height-min-height elementor-section-boxed elementor-section-height-default elementor-section-items-middle\" data-id=\"25e829c2\" data-element_type=\"section\" data-e-type=\"section\" data-settings=\"{&quot;background_background&quot;:&quot;gradient&quot;}\">\n\t\t\t\t\t\t\t<div class=\"elementor-background-overlay\"><\/div>\n\t\t\t\t\t\t\t<div class=\"elementor-container elementor-column-gap-default\">\n\t\t\t\t\t<div class=\"elementor-column elementor-col-100 elementor-top-column elementor-element elementor-element-53a22202\" data-id=\"53a22202\" data-element_type=\"column\" data-e-type=\"column\">\n\t\t\t<div class=\"elementor-widget-wrap\">\n\t\t\t\t\t\t\t<\/div>\n\t\t<\/div>\n\t\t\t\t\t<\/div>\n\t\t<\/section>\n\t\t\t\t<section class=\"elementor-section elementor-top-section elementor-element elementor-element-26be405c elementor-section-height-min-height elementor-section-boxed elementor-section-height-default elementor-section-items-middle\" data-id=\"26be405c\" data-element_type=\"section\" data-e-type=\"section\" data-settings=\"{&quot;background_background&quot;:&quot;gradient&quot;}\">\n\t\t\t\t\t\t\t<div class=\"elementor-background-overlay\"><\/div>\n\t\t\t\t\t\t\t<div class=\"elementor-container elementor-column-gap-default\">\n\t\t\t\t\t<div class=\"elementor-column elementor-col-100 elementor-top-column elementor-element elementor-element-1484a490\" data-id=\"1484a490\" data-element_type=\"column\" data-e-type=\"column\">\n\t\t\t<div class=\"elementor-widget-wrap elementor-element-populated\">\n\t\t\t\t\t\t<div class=\"elementor-element elementor-element-38575002 elementor-widget elementor-widget-heading\" data-id=\"38575002\" data-element_type=\"widget\" data-e-type=\"widget\" data-widget_type=\"heading.default\">\n\t\t\t\t<div class=\"elementor-widget-container\">\n\t\t\t\t\t<h1 class=\"elementor-heading-title elementor-size-default\"><br><b>LOCATION : Les Vill\u00e9giales Castanet - N\u00eemes<\/b><\/h1>\t\t\t\t<\/div>\n\t\t\t\t<\/div>\n\t\t\t\t\t<\/div>\n\t\t<\/div>\n\t\t\t\t\t<\/div>\n\t\t<\/section>\n\t\t\t\t<section class=\"elementor-section elementor-top-section elementor-element elementor-element-739d9773 elementor-section-content-middle elementor-section-boxed elementor-section-height-default elementor-section-height-default\" data-id=\"739d9773\" data-element_type=\"section\" data-e-type=\"section\" data-settings=\"{&quot;background_background&quot;:&quot;classic&quot;}\">\n\t\t\t\t\t\t<div class=\"elementor-container elementor-column-gap-default\">\n\t\t\t\t\t<div class=\"elementor-column elementor-col-50 elementor-top-column elementor-element elementor-element-75e53494\" data-id=\"75e53494\" data-element_type=\"column\" data-e-type=\"column\">\n\t\t\t<div class=\"elementor-widget-wrap elementor-element-populated\">\n\t\t\t\t\t\t<div class=\"elementor-element elementor-element-4eda0bea elementor-widget elementor-widget-image\" data-id=\"4eda0bea\" data-element_type=\"widget\" data-e-type=\"widget\" data-widget_type=\"image.default\">\n\t\t\t\t<div class=\"elementor-widget-container\">\n\t\t\t\t\t\t\t\t\t\t\t\t\t\t\t<img fetchpriority=\"high\" decoding=\"async\" width=\"1024\" height=\"768\" src=\"https:\/\/villegiales.fr\/wp-content\/uploads\/2025\/01\/1-1024x768.jpg\" class=\"attachment-large size-large wp-image-10141\" alt=\"\" srcset=\"https:\/\/villegiales.fr\/wp-content\/uploads\/2025\/01\/1-1024x768.jpg 1024w, https:\/\/villegiales.fr\/wp-content\/uploads\/2025\/01\/1-300x225.jpg 300w, https:\/\/villegiales.fr\/wp-content\/uploads\/2025\/01\/1-768x576.jpg 768w, https:\/\/villegiales.fr\/wp-content\/uploads\/2025\/01\/1-1536x1152.jpg 1536w, https:\/\/villegiales.fr\/wp-content\/uploads\/2025\/01\/1.jpg 2016w\" sizes=\"(max-width: 1024px) 100vw, 1024px\" \/>\t\t\t\t\t\t\t\t\t\t\t\t\t\t\t<\/div>\n\t\t\t\t<\/div>\n\t\t\t\t\t<\/div>\n\t\t<\/div>\n\t\t\t\t<div class=\"elementor-column elementor-col-50 elementor-top-column elementor-element elementor-element-2cd8378a\" data-id=\"2cd8378a\" data-element_type=\"column\" data-e-type=\"column\">\n\t\t\t<div class=\"elementor-widget-wrap elementor-element-populated\">\n\t\t\t\t\t\t<div class=\"elementor-element elementor-element-4fda58c0 elementor-widget elementor-widget-heading\" data-id=\"4fda58c0\" data-element_type=\"widget\" data-e-type=\"widget\" data-widget_type=\"heading.default\">\n\t\t\t\t<div class=\"elementor-widget-container\">\n\t\t\t\t\t<h3 class=\"elementor-heading-title elementor-size-large\">N\u00eemes - P3 + Garage<\/h3>\t\t\t\t<\/div>\n\t\t\t\t<\/div>\n\t\t\t\t<section class=\"elementor-section elementor-inner-section elementor-element elementor-element-627a8647 elementor-section-boxed elementor-section-height-default elementor-section-height-default\" data-id=\"627a8647\" data-element_type=\"section\" data-e-type=\"section\">\n\t\t\t\t\t\t<div class=\"elementor-container elementor-column-gap-wide\">\n\t\t\t\t\t<div class=\"elementor-column elementor-col-50 elementor-inner-column elementor-element elementor-element-3646ac07\" data-id=\"3646ac07\" data-element_type=\"column\" data-e-type=\"column\">\n\t\t\t<div class=\"elementor-widget-wrap elementor-element-populated\">\n\t\t\t\t\t\t<div class=\"elementor-element elementor-element-63362e44 elementor-widget elementor-widget-heading\" data-id=\"63362e44\" data-element_type=\"widget\" data-e-type=\"widget\" data-widget_type=\"heading.default\">\n\t\t\t\t<div class=\"elementor-widget-container\">\n\t\t\t\t\t<h2 class=\"elementor-heading-title elementor-size-default\">Surface Habitable<\/h2>\t\t\t\t<\/div>\n\t\t\t\t<\/div>\n\t\t\t\t<div class=\"elementor-element elementor-element-236fa044 elementor-widget elementor-widget-text-editor\" data-id=\"236fa044\" data-element_type=\"widget\" data-e-type=\"widget\" data-widget_type=\"text-editor.default\">\n\t\t\t\t<div class=\"elementor-widget-container\">\n\t\t\t\t\t\t\t\t\t<p>76 m\u00b2<\/p>\t\t\t\t\t\t\t\t<\/div>\n\t\t\t\t<\/div>\n\t\t\t\t<div class=\"elementor-element elementor-element-1dd982c6 elementor-hidden-desktop elementor-hidden-tablet elementor-widget elementor-widget-heading\" data-id=\"1dd982c6\" data-element_type=\"widget\" data-e-type=\"widget\" data-widget_type=\"heading.default\">\n\t\t\t\t<div class=\"elementor-widget-container\">\n\t\t\t\t\t<h2 class=\"elementor-heading-title elementor-size-default\">Surface Terrasse<\/h2>\t\t\t\t<\/div>\n\t\t\t\t<\/div>\n\t\t\t\t<div class=\"elementor-element elementor-element-213c2c4f elementor-hidden-desktop elementor-hidden-tablet elementor-widget elementor-widget-text-editor\" data-id=\"213c2c4f\" data-element_type=\"widget\" data-e-type=\"widget\" data-widget_type=\"text-editor.default\">\n\t\t\t\t<div class=\"elementor-widget-container\">\n\t\t\t\t\t\t\t\t\t<p>12 m\u00b2<\/p>\t\t\t\t\t\t\t\t<\/div>\n\t\t\t\t<\/div>\n\t\t\t\t<div class=\"elementor-element elementor-element-38d888c elementor-widget elementor-widget-heading\" data-id=\"38d888c\" data-element_type=\"widget\" data-e-type=\"widget\" data-widget_type=\"heading.default\">\n\t\t\t\t<div class=\"elementor-widget-container\">\n\t\t\t\t\t<h2 class=\"elementor-heading-title elementor-size-default\">Etage<\/h2>\t\t\t\t<\/div>\n\t\t\t\t<\/div>\n\t\t\t\t<div class=\"elementor-element elementor-element-1ace4f5d elementor-widget elementor-widget-text-editor\" data-id=\"1ace4f5d\" data-element_type=\"widget\" data-e-type=\"widget\" data-widget_type=\"text-editor.default\">\n\t\t\t\t<div class=\"elementor-widget-container\">\n\t\t\t\t\t\t\t\t\t<p>1er \u00e9tage avec ascenseur<\/p>\t\t\t\t\t\t\t\t<\/div>\n\t\t\t\t<\/div>\n\t\t\t\t<div class=\"elementor-element elementor-element-50e0bbc2 elementor-widget elementor-widget-heading\" data-id=\"50e0bbc2\" data-element_type=\"widget\" data-e-type=\"widget\" data-widget_type=\"heading.default\">\n\t\t\t\t<div class=\"elementor-widget-container\">\n\t\t\t\t\t<h2 class=\"elementor-heading-title elementor-size-default\">Description<\/h2>\t\t\t\t<\/div>\n\t\t\t\t<\/div>\n\t\t\t\t<div class=\"elementor-element elementor-element-2ea4dc15 elementor-widget elementor-widget-text-editor\" data-id=\"2ea4dc15\" data-element_type=\"widget\" data-e-type=\"widget\" data-widget_type=\"text-editor.default\">\n\t\t\t\t<div class=\"elementor-widget-container\">\n\t\t\t\t\t\t\t\t\t<p>Bel appartement r\u00e9cent &#8211; climatis\u00e9, 1 belle entr\u00e9e, 1 s\u00e9jour avec cuisine am\u00e9nag\u00e9e, 2 chambres et 1 salle d&rsquo;eau avec douche \u00e0 l&rsquo;italienne, disposant d&rsquo;un garage dans notre r\u00e9sidence de Castanet, au calme et s\u00e9curis\u00e9e, au c\u0153ur du quartier de Castanet, \u00e0 proximit\u00e9 directe des commerces, \u00e9cole et transports en commun.&nbsp; <span style=\"font-size: 15px;\">&nbsp;<\/span><\/p>\n<p><strong>Location soumise \u00e0 la loi PINEL &#8211; plafonds de ressources \u00e0 ne pas d\u00e9passer &#8211; disponibilit\u00e9 01\/11\/2025<\/strong><\/p>\t\t\t\t\t\t\t\t<\/div>\n\t\t\t\t<\/div>\n\t\t\t\t\t<\/div>\n\t\t<\/div>\n\t\t\t\t<div class=\"elementor-column elementor-col-50 elementor-inner-column elementor-element elementor-element-177da5d3\" data-id=\"177da5d3\" data-element_type=\"column\" data-e-type=\"column\">\n\t\t\t<div class=\"elementor-widget-wrap elementor-element-populated\">\n\t\t\t\t\t\t<div class=\"elementor-element elementor-element-23decaf0 elementor-hidden-phone elementor-widget elementor-widget-heading\" data-id=\"23decaf0\" data-element_type=\"widget\" data-e-type=\"widget\" data-widget_type=\"heading.default\">\n\t\t\t\t<div class=\"elementor-widget-container\">\n\t\t\t\t\t<h2 class=\"elementor-heading-title elementor-size-default\">Surface Terrasse<\/h2>\t\t\t\t<\/div>\n\t\t\t\t<\/div>\n\t\t\t\t<div class=\"elementor-element elementor-element-4f139065 elementor-hidden-phone elementor-widget elementor-widget-text-editor\" data-id=\"4f139065\" data-element_type=\"widget\" data-e-type=\"widget\" data-widget_type=\"text-editor.default\">\n\t\t\t\t<div class=\"elementor-widget-container\">\n\t\t\t\t\t\t\t\t\t<p>12 m\u00b2<\/p>\t\t\t\t\t\t\t\t<\/div>\n\t\t\t\t<\/div>\n\t\t\t\t<div class=\"elementor-element elementor-element-2c33283c elementor-widget elementor-widget-heading\" data-id=\"2c33283c\" data-element_type=\"widget\" data-e-type=\"widget\" data-widget_type=\"heading.default\">\n\t\t\t\t<div class=\"elementor-widget-container\">\n\t\t\t\t\t<h2 class=\"elementor-heading-title elementor-size-default\">Loyer<\/h2>\t\t\t\t<\/div>\n\t\t\t\t<\/div>\n\t\t\t\t<div class=\"elementor-element elementor-element-7bd2b021 elementor-widget elementor-widget-text-editor\" data-id=\"7bd2b021\" data-element_type=\"widget\" data-e-type=\"widget\" data-widget_type=\"text-editor.default\">\n\t\t\t\t<div class=\"elementor-widget-container\">\n\t\t\t\t\t\t\t\t\t<p>850 \u20ac + Charges : 90 \u20ac \u20ac + 15 \u20ac en. clim chauffe eau\u00a0 = 955 \u20ac\u00a0<\/p>\t\t\t\t\t\t\t\t<\/div>\n\t\t\t\t<\/div>\n\t\t\t\t\t<\/div>\n\t\t<\/div>\n\t\t\t\t\t<\/div>\n\t\t<\/section>\n\t\t\t\t\t<\/div>\n\t\t<\/div>\n\t\t\t\t\t<\/div>\n\t\t<\/section>\n\t\t\t\t<section class=\"elementor-section elementor-top-section elementor-element elementor-element-76ceee94 elementor-section-boxed elementor-section-height-default elementor-section-height-default\" data-id=\"76ceee94\" data-element_type=\"section\" data-e-type=\"section\">\n\t\t\t\t\t\t<div class=\"elementor-container elementor-column-gap-default\">\n\t\t\t\t\t<div class=\"elementor-column elementor-col-100 elementor-top-column elementor-element elementor-element-2ff161da\" data-id=\"2ff161da\" data-element_type=\"column\" data-e-type=\"column\">\n\t\t\t<div class=\"elementor-widget-wrap elementor-element-populated\">\n\t\t\t\t\t\t<div class=\"elementor-element elementor-element-44d66b90 elementor-widget elementor-widget-heading\" data-id=\"44d66b90\" data-element_type=\"widget\" data-e-type=\"widget\" data-widget_type=\"heading.default\">\n\t\t\t\t<div class=\"elementor-widget-container\">\n\t\t\t\t\t<h2 class=\"elementor-heading-title elementor-size-default\">Diagnostic des performances \u00e9nerg\u00e9tiques <\/h2>\t\t\t\t<\/div>\n\t\t\t\t<\/div>\n\t\t\t\t<div class=\"elementor-element elementor-element-40f1bc41 elementor-widget-divider--view-line elementor-widget elementor-widget-divider\" data-id=\"40f1bc41\" data-element_type=\"widget\" data-e-type=\"widget\" data-widget_type=\"divider.default\">\n\t\t\t\t<div class=\"elementor-widget-container\">\n\t\t\t\t\t\t\t<div class=\"elementor-divider\">\n\t\t\t<span class=\"elementor-divider-separator\">\n\t\t\t\t\t\t<\/span>\n\t\t<\/div>\n\t\t\t\t\t\t<\/div>\n\t\t\t\t<\/div>\n\t\t\t\t\t<\/div>\n\t\t<\/div>\n\t\t\t\t\t<\/div>\n\t\t<\/section>\n\t\t\t\t<section class=\"elementor-section elementor-top-section elementor-element elementor-element-6efb300d elementor-section-boxed elementor-section-height-default elementor-section-height-default\" data-id=\"6efb300d\" data-element_type=\"section\" data-e-type=\"section\">\n\t\t\t\t\t\t<div class=\"elementor-container elementor-column-gap-default\">\n\t\t\t\t\t<div class=\"elementor-column elementor-col-50 elementor-top-column elementor-element elementor-element-45b577f6\" data-id=\"45b577f6\" data-element_type=\"column\" data-e-type=\"column\">\n\t\t\t<div class=\"elementor-widget-wrap elementor-element-populated\">\n\t\t\t\t\t\t<div class=\"elementor-element elementor-element-58f92217 elementor-widget elementor-widget-shortcode\" data-id=\"58f92217\" data-element_type=\"widget\" data-e-type=\"widget\" data-widget_type=\"shortcode.default\">\n\t\t\t\t<div class=\"elementor-widget-container\">\n\t\t\t\t\t\t\t<div class=\"elementor-shortcode\">            <div class=\"dpe dpeges-inline\">\r\n            <span class=\"title\">Diagnostic de performance \u00e9nerg\u00e9tique<\/span>\r\n            <figure class=\"diagnostic diagnostic-dpe\">\r\n                <figcaption class=\"diagnostic-title hidden\">Diagnostic de performance \u00e9nerg\u00e9tique<\/figcaption>\r\n                <div class=\"diagnostic-container\" aria-hidden=\"true\">\r\n                    <div class=\"diagnostic-legend\"><span>Logement \u00e9conome<\/span> <span><abbr title=\"Unit\u00e9 de l&#039;\u00e9nergie primaire\">KWhEP \/ m\u00b2.an<\/abbr><\/span><\/div>\r\n                    <div class=\"diagnostic-diagram\">\r\n                        <div class=\"diagnostic-line line-a\"><span class=\"diagnostic-value\">\u2264 50<\/span><span class=\"diagnostic-letter letter-a\">A<\/span><\/div>\r\n                        <div class=\"diagnostic-line line-b\"><span class=\"diagnostic-value\">51 \u00e0 90<\/span><span class=\"diagnostic-letter letter-b\">B<\/span><\/div>\r\n                        <div class=\"diagnostic-line line-c\"><span class=\"diagnostic-value\">91 \u00e0 150<\/span><span class=\"diagnostic-letter letter-c\">C<\/span><\/div>\r\n                        <div class=\"diagnostic-line line-d\"><span class=\"diagnostic-value\">151 \u00e0 230<\/span><span class=\"diagnostic-letter letter-d\">D<\/span><\/div>\r\n                        <div class=\"diagnostic-line line-e\"><span class=\"diagnostic-value\">231 \u00e0 330<\/span><span class=\"diagnostic-letter letter-e\">E<\/span><\/div>\r\n                        <div class=\"diagnostic-line line-f\"><span class=\"diagnostic-value\">331 \u00e0 450<\/span><span class=\"diagnostic-letter letter-f\">F<\/span><\/div>\r\n                        <div class=\"diagnostic-line line-g\"><span class=\"diagnostic-value\">&gt; 450<\/span><span class=\"diagnostic-letter letter-g\">G<\/span><\/div>\r\n                    <\/div>\r\n                    <div class=\"diagnostic-scale\">\r\n                        <span class=\"diagnostic-number-container numberA\">\r\n                            <span class=\"diagnostic-number\" aria-hidden=\"false\">40<abbr class=\"hidden\" title=\"Unit\u00e9 de l&#039;\u00e9nergie primaire\">KWhEP \/ m\u00b2.an<\/abbr><\/span>\r\n                        <\/span>\r\n                    <\/div>\r\n                    <span>Logement \u00e9nergivore<\/span>\r\n                <\/div>\r\n                <div class=\"dpe-blank\">\r\n                    <span class=\"dpe-blank-title\">DPE vierge<\/span>\r\n                    <span class=\"dpe-blank-legend\">Consommations non exploitables<\/span>\r\n                <\/div>\r\n                <div class=\"dpe-not-subject\">\r\n                    <span class=\"dpe-not-subject-title\">Non soumis au diagnostic<\/span>\r\n                <\/div>\r\n            <\/figure>\r\n        <\/div>\r\n    \r\n    <\/div>\n\t\t\t\t\t\t<\/div>\n\t\t\t\t<\/div>\n\t\t\t\t\t<\/div>\n\t\t<\/div>\n\t\t\t\t<div class=\"elementor-column elementor-col-50 elementor-top-column elementor-element elementor-element-3e851\" data-id=\"3e851\" data-element_type=\"column\" data-e-type=\"column\">\n\t\t\t<div class=\"elementor-widget-wrap elementor-element-populated\">\n\t\t\t\t\t\t<div class=\"elementor-element elementor-element-5f554b0 elementor-widget elementor-widget-shortcode\" data-id=\"5f554b0\" data-element_type=\"widget\" data-e-type=\"widget\" data-widget_type=\"shortcode.default\">\n\t\t\t\t<div class=\"elementor-widget-container\">\n\t\t\t\t\t\t\t<div class=\"elementor-shortcode\">    \r\n        <div class=\"ges dpeges-inline\">\r\n        <span class=\"title\">Emission de Gaz \u00e0 Effet de Serre<\/span>\r\n        <figure class=\"emission emission-ges\">\r\n            <figcaption class=\"emission-title hidden\">Emission de Gaz \u00e0 Effet de Serre<\/figcaption>\r\n            <div class=\"emission-container \" aria-hidden=\"true\">\r\n                <div class=\"emission-legend\"><span>Faible \u00e9mission de GES<\/span> <span><abbr title=\"Quantit\u00e9 d&#039;\u00e9missions de gaz \u00e0 effet de serre\">Kg\u00e9qCO2 \/ m\u00b2.an<\/abbr><\/span><\/div>\r\n                <div class=\"emission-diagram\">\r\n                    <div class=\"emission-line line-a\"><span class=\"emission-value\">\u2264 5<\/span><span class=\"emission-letter letter-a\">A<\/span><\/div>\r\n                    <div class=\"emission-line line-b\"><span class=\"emission-value\">6 \u00e0 10<\/span><span class=\"emission-letter letter-b\">B<\/span><\/div>\r\n                    <div class=\"emission-line line-c\"><span class=\"emission-value\">11 \u00e0 20<\/span><span class=\"emission-letter letter-c\">C<\/span><\/div>\r\n                    <div class=\"emission-line line-d\"><span class=\"emission-value\">21 \u00e0 35<\/span><span class=\"emission-letter letter-d\">D<\/span><\/div>\r\n                    <div class=\"emission-line line-e\"><span class=\"emission-value\">36 \u00e0 55<\/span><span class=\"emission-letter letter-e\">E<\/span><\/div>\r\n                    <div class=\"emission-line line-f\"><span class=\"emission-value\">56 \u00e0 80<\/span><span class=\"emission-letter letter-f\">F<\/span><\/div>\r\n                    <div class=\"emission-line line-g\"><span class=\"emission-value\">&gt; 80<\/span><span class=\"emission-letter letter-g\">G<\/span><\/div>\r\n                <\/div>\r\n                <div class=\"emission-scale\">\r\n                    <span class=\"emission-number-container numberA\">\r\n                        <span class=\"emission-number\" aria-hidden=\"false\">1                            <abbr title=\"Quantit\u00e9 d&#039;\u00e9missions de gaz \u00e0 effet de serre\" class=\"hidden\">Kg\u00e9qCO2 \/ m\u00b2.an<\/abbr>\r\n                        <\/span>\r\n                    <\/span>\r\n                <\/div>\r\n                <span>Forte \u00e9mission de GES<\/span>\r\n            <\/div>\r\n            <div class=\"ges-blank\">\r\n                <span class=\"ges-blank-title\">GES vierge<\/span>\r\n                <span class=\"ges-blank-legend\">Consommations non exploitables<\/span>\r\n            <\/div>\r\n            <div class=\"ges-not-subject\">\r\n                <span class=\"ges-not-subject-title\">Non soumis au diagnostic<\/span>\r\n            <\/div>\r\n        <\/figure>\r\n    <\/div>\r\n    <\/div>\n\t\t\t\t\t\t<\/div>\n\t\t\t\t<\/div>\n\t\t\t\t\t<\/div>\n\t\t<\/div>\n\t\t\t\t\t<\/div>\n\t\t<\/section>\n\t\t\t\t<section class=\"elementor-section elementor-top-section elementor-element elementor-element-648a56f3 elementor-section-boxed elementor-section-height-default elementor-section-height-default\" data-id=\"648a56f3\" data-element_type=\"section\" data-e-type=\"section\">\n\t\t\t\t\t\t<div class=\"elementor-container elementor-column-gap-default\">\n\t\t\t\t\t<div class=\"elementor-column elementor-col-100 elementor-top-column elementor-element elementor-element-3955a632\" data-id=\"3955a632\" data-element_type=\"column\" data-e-type=\"column\">\n\t\t\t<div class=\"elementor-widget-wrap elementor-element-populated\">\n\t\t\t\t\t\t<div class=\"elementor-element elementor-element-28319632 elementor-widget elementor-widget-spacer\" data-id=\"28319632\" data-element_type=\"widget\" data-e-type=\"widget\" data-widget_type=\"spacer.default\">\n\t\t\t\t<div class=\"elementor-widget-container\">\n\t\t\t\t\t\t\t<div class=\"elementor-spacer\">\n\t\t\t<div class=\"elementor-spacer-inner\"><\/div>\n\t\t<\/div>\n\t\t\t\t\t\t<\/div>\n\t\t\t\t<\/div>\n\t\t\t\t<div class=\"elementor-element elementor-element-7d1799b9 elementor-align-center elementor-widget elementor-widget-button\" data-id=\"7d1799b9\" data-element_type=\"widget\" data-e-type=\"widget\" data-widget_type=\"button.default\">\n\t\t\t\t<div class=\"elementor-widget-container\">\n\t\t\t\t\t\t\t\t\t<div class=\"elementor-button-wrapper\">\n\t\t\t\t\t<a class=\"elementor-button elementor-button-link elementor-size-lg\" href=\"https:\/\/villegiales.fr\/index.php\/contact-nimes\/\">\n\t\t\t\t\t\t<span class=\"elementor-button-content-wrapper\">\n\t\t\t\t\t\t<span class=\"elementor-button-icon\">\n\t\t\t\t<i aria-hidden=\"true\" class=\"fas fa-angle-double-right\"><\/i>\t\t\t<\/span>\n\t\t\t\t\t\t\t\t\t<span class=\"elementor-button-text\">Obtenir plus d'informations sur cet appartement<\/span>\n\t\t\t\t\t<\/span>\n\t\t\t\t\t<\/a>\n\t\t\t\t<\/div>\n\t\t\t\t\t\t\t\t<\/div>\n\t\t\t\t<\/div>\n\t\t\t\t<div class=\"elementor-element elementor-element-5a5ce8b3 elementor-widget elementor-widget-spacer\" data-id=\"5a5ce8b3\" data-element_type=\"widget\" data-e-type=\"widget\" data-widget_type=\"spacer.default\">\n\t\t\t\t<div class=\"elementor-widget-container\">\n\t\t\t\t\t\t\t<div class=\"elementor-spacer\">\n\t\t\t<div class=\"elementor-spacer-inner\"><\/div>\n\t\t<\/div>\n\t\t\t\t\t\t<\/div>\n\t\t\t\t<\/div>\n\t\t\t\t\t<\/div>\n\t\t<\/div>\n\t\t\t\t\t<\/div>\n\t\t<\/section>\n\t\t\t\t<section class=\"elementor-section elementor-top-section elementor-element elementor-element-2f9bd2bd elementor-section-content-middle elementor-section-stretched elementor-section-boxed elementor-section-height-default elementor-section-height-default\" data-id=\"2f9bd2bd\" data-element_type=\"section\" data-e-type=\"section\" data-settings=\"{&quot;background_background&quot;:&quot;classic&quot;,&quot;stretch_section&quot;:&quot;section-stretched&quot;}\">\n\t\t\t\t\t\t\t<div class=\"elementor-background-overlay\"><\/div>\n\t\t\t\t\t\t\t<div class=\"elementor-container elementor-column-gap-default\">\n\t\t\t\t\t<div class=\"elementor-column elementor-col-100 elementor-top-column elementor-element elementor-element-5e57627b\" data-id=\"5e57627b\" data-element_type=\"column\" data-e-type=\"column\">\n\t\t\t<div class=\"elementor-widget-wrap elementor-element-populated\">\n\t\t\t\t\t\t<div class=\"elementor-element elementor-element-30898985 elementor-align-center elementor-widget elementor-widget-button\" data-id=\"30898985\" data-element_type=\"widget\" data-e-type=\"widget\" data-widget_type=\"button.default\">\n\t\t\t\t<div class=\"elementor-widget-container\">\n\t\t\t\t\t\t\t\t\t<div class=\"elementor-button-wrapper\">\n\t\t\t\t\t<a class=\"elementor-button elementor-button-link elementor-size-xl\" href=\"https:\/\/villegiales.fr\/index.php\/locations\/\">\n\t\t\t\t\t\t<span class=\"elementor-button-content-wrapper\">\n\t\t\t\t\t\t\t\t\t<span class=\"elementor-button-text\">Nos autres locations<\/span>\n\t\t\t\t\t<\/span>\n\t\t\t\t\t<\/a>\n\t\t\t\t<\/div>\n\t\t\t\t\t\t\t\t<\/div>\n\t\t\t\t<\/div>\n\t\t\t\t\t<\/div>\n\t\t<\/div>\n\t\t\t\t\t<\/div>\n\t\t<\/section>\n\t\t\t\t<\/div>\n\t\t","protected":false},"excerpt":{"rendered":"<p>LOCATION : Les Vill\u00e9giales Castanet &#8211; N\u00eemes N\u00eemes &#8211; P3 + Garage Surface Habitable 76 m\u00b2 Surface Terrasse 12 m\u00b2 Etage 1er \u00e9tage avec ascenseur Description Bel appartement r\u00e9cent &#8211; climatis\u00e9, 1 belle entr\u00e9e, 1 s\u00e9jour avec cuisine am\u00e9nag\u00e9e, 2 chambres et 1 salle d&rsquo;eau avec douche \u00e0 l&rsquo;italienne, disposant d&rsquo;un garage dans notre r\u00e9sidence [&hellip;]<\/p>\n","protected":false},"author":8,"featured_media":0,"parent":0,"menu_order":0,"comment_status":"closed","ping_status":"closed","template":"elementor_header_footer","meta":{"footnotes":""},"class_list":["post-10139","page","type-page","status-publish","hentry","entry"],"_links":{"self":[{"href":"https:\/\/villegiales.fr\/index.php\/wp-json\/wp\/v2\/pages\/10139","targetHints":{"allow":["GET"]}}],"collection":[{"href":"https:\/\/villegiales.fr\/index.php\/wp-json\/wp\/v2\/pages"}],"about":[{"href":"https:\/\/villegiales.fr\/index.php\/wp-json\/wp\/v2\/types\/page"}],"author":[{"embeddable":true,"href":"https:\/\/villegiales.fr\/index.php\/wp-json\/wp\/v2\/users\/8"}],"replies":[{"embeddable":true,"href":"https:\/\/villegiales.fr\/index.php\/wp-json\/wp\/v2\/comments?post=10139"}],"version-history":[{"count":0,"href":"https:\/\/villegiales.fr\/index.php\/wp-json\/wp\/v2\/pages\/10139\/revisions"}],"wp:attachment":[{"href":"https:\/\/villegiales.fr\/index.php\/wp-json\/wp\/v2\/media?parent=10139"}],"curies":[{"name":"wp","href":"https:\/\/api.w.org\/{rel}","templated":true}]}}