{"id":12836,"date":"2026-02-16T17:22:56","date_gmt":"2026-02-16T15:22:56","guid":{"rendered":"https:\/\/villegiales.fr\/?page_id=12836"},"modified":"2026-04-16T11:23:34","modified_gmt":"2026-04-16T09:23:34","slug":"location-les-villegiales-hoche-universite-p3","status":"publish","type":"page","link":"https:\/\/villegiales.fr\/index.php\/location-les-villegiales-hoche-universite-p3\/","title":{"rendered":"Location : Les Villegiales Hoche universit\u00e9 P3"},"content":{"rendered":"\t\t<div data-elementor-type=\"wp-page\" data-elementor-id=\"12836\" class=\"elementor elementor-12836\" data-elementor-post-type=\"page\">\n\t\t\t\t\t\t<section class=\"elementor-section elementor-top-section elementor-element elementor-element-34393919 elementor-section-full_width elementor-section-stretched elementor-section-height-default elementor-section-height-default\" data-id=\"34393919\" data-element_type=\"section\" data-e-type=\"section\" data-settings=\"{&quot;stretch_section&quot;:&quot;section-stretched&quot;}\">\n\t\t\t\t\t\t<div class=\"elementor-container elementor-column-gap-no\">\n\t\t\t\t\t<div class=\"elementor-column elementor-col-100 elementor-top-column elementor-element elementor-element-430aee23\" data-id=\"430aee23\" data-element_type=\"column\" data-e-type=\"column\">\n\t\t\t<div class=\"elementor-widget-wrap elementor-element-populated\">\n\t\t\t\t\t\t<div class=\"elementor-element elementor-element-3e840697 elementor--h-position-center elementor--v-position-middle elementor-arrows-position-inside elementor-pagination-position-inside elementor-widget elementor-widget-slides\" data-id=\"3e840697\" data-element_type=\"widget\" data-e-type=\"widget\" data-settings=\"{&quot;navigation&quot;:&quot;both&quot;,&quot;autoplay&quot;:&quot;yes&quot;,&quot;pause_on_hover&quot;:&quot;yes&quot;,&quot;pause_on_interaction&quot;:&quot;yes&quot;,&quot;autoplay_speed&quot;:5000,&quot;infinite&quot;:&quot;yes&quot;,&quot;transition&quot;:&quot;slide&quot;,&quot;transition_speed&quot;:500}\" data-widget_type=\"slides.default\">\n\t\t\t\t<div class=\"elementor-widget-container\">\n\t\t\t\t\t\t\t\t\t<div class=\"elementor-swiper\">\n\t\t\t\t\t<div class=\"elementor-slides-wrapper elementor-main-swiper swiper\" role=\"region\" aria-roledescription=\"carousel\" aria-label=\"\" dir=\"ltr\" data-animation=\"fadeInUp\">\n\t\t\t\t<div class=\"swiper-wrapper elementor-slides\">\n\t\t\t\t\t\t\t\t\t\t<div class=\"elementor-repeater-item-ab38f99 swiper-slide\" role=\"group\" aria-roledescription=\"slide\"><div class=\"swiper-slide-bg\" role=\"img\" aria-label=\"perspective_hoche2\"><\/div><div class=\"swiper-slide-inner\" ><div class=\"swiper-slide-contents\"><\/div><\/div><\/div>\t\t\t\t<\/div>\n\t\t\t\t\t\t\t<\/div>\n\t\t\t\t<\/div>\n\t\t\t\t\t\t\t\t<\/div>\n\t\t\t\t<\/div>\n\t\t\t\t\t<\/div>\n\t\t<\/div>\n\t\t\t\t\t<\/div>\n\t\t<\/section>\n\t\t\t\t<section class=\"elementor-section elementor-top-section elementor-element elementor-element-b77cedc elementor-section-stretched elementor-section-boxed elementor-section-height-default elementor-section-height-default\" data-id=\"b77cedc\" data-element_type=\"section\" data-e-type=\"section\" data-settings=\"{&quot;background_background&quot;:&quot;classic&quot;,&quot;stretch_section&quot;:&quot;section-stretched&quot;,&quot;sticky&quot;:&quot;top&quot;,&quot;sticky_on&quot;:[&quot;desktop&quot;],&quot;sticky_offset&quot;:25,&quot;sticky_effects_offset&quot;:0,&quot;sticky_anchor_link_offset&quot;:0}\">\n\t\t\t\t\t\t<div class=\"elementor-container elementor-column-gap-no\">\n\t\t\t\t\t<div class=\"elementor-column elementor-col-25 elementor-top-column elementor-element elementor-element-415a053b elementor-sm-50\" data-id=\"415a053b\" data-element_type=\"column\" data-e-type=\"column\">\n\t\t\t<div class=\"elementor-widget-wrap elementor-element-populated\">\n\t\t\t\t\t\t<div class=\"elementor-element elementor-element-c422c94 elementor-widget elementor-widget-counter\" data-id=\"c422c94\" data-element_type=\"widget\" data-e-type=\"widget\" data-widget_type=\"counter.default\">\n\t\t\t\t<div class=\"elementor-widget-container\">\n\t\t\t\t\t\t\t<div class=\"elementor-counter\">\n\t\t\t<div class=\"elementor-counter-title\">Pi\u00e8ces<\/div>\t\t\t<div class=\"elementor-counter-number-wrapper\">\n\t\t\t\t<span class=\"elementor-counter-number-prefix\"><\/span>\n\t\t\t\t<span class=\"elementor-counter-number\" data-duration=\"100\" data-to-value=\"3\" data-from-value=\"3\" data-delimiter=\",\">3<\/span>\n\t\t\t\t<span class=\"elementor-counter-number-suffix\"><\/span>\n\t\t\t<\/div>\n\t\t<\/div>\n\t\t\t\t\t\t<\/div>\n\t\t\t\t<\/div>\n\t\t\t\t\t<\/div>\n\t\t<\/div>\n\t\t\t\t<div class=\"elementor-column elementor-col-25 elementor-top-column elementor-element elementor-element-e316f65 elementor-sm-50\" data-id=\"e316f65\" data-element_type=\"column\" data-e-type=\"column\">\n\t\t\t<div class=\"elementor-widget-wrap elementor-element-populated\">\n\t\t\t\t\t\t<div class=\"elementor-element elementor-element-553b0ff6 elementor-widget elementor-widget-counter\" data-id=\"553b0ff6\" data-element_type=\"widget\" data-e-type=\"widget\" data-widget_type=\"counter.default\">\n\t\t\t\t<div class=\"elementor-widget-container\">\n\t\t\t\t\t\t\t<div class=\"elementor-counter\">\n\t\t\t<div class=\"elementor-counter-title\">m\u00b2 <\/div>\t\t\t<div class=\"elementor-counter-number-wrapper\">\n\t\t\t\t<span class=\"elementor-counter-number-prefix\"><\/span>\n\t\t\t\t<span class=\"elementor-counter-number\" data-duration=\"100\" data-to-value=\"70\" data-from-value=\"70\" data-delimiter=\",\">70<\/span>\n\t\t\t\t<span class=\"elementor-counter-number-suffix\"><\/span>\n\t\t\t<\/div>\n\t\t<\/div>\n\t\t\t\t\t\t<\/div>\n\t\t\t\t<\/div>\n\t\t\t\t\t<\/div>\n\t\t<\/div>\n\t\t\t\t<div class=\"elementor-column elementor-col-25 elementor-top-column elementor-element elementor-element-54128db0 elementor-sm-50\" data-id=\"54128db0\" data-element_type=\"column\" data-e-type=\"column\">\n\t\t\t<div class=\"elementor-widget-wrap elementor-element-populated\">\n\t\t\t\t\t\t<div class=\"elementor-element elementor-element-1a82e8e3 elementor-widget elementor-widget-counter\" data-id=\"1a82e8e3\" data-element_type=\"widget\" data-e-type=\"widget\" data-widget_type=\"counter.default\">\n\t\t\t\t<div class=\"elementor-widget-container\">\n\t\t\t\t\t\t\t<div class=\"elementor-counter\">\n\t\t\t<div class=\"elementor-counter-title\">m\u00b2 de terrasse<\/div>\t\t\t<div class=\"elementor-counter-number-wrapper\">\n\t\t\t\t<span class=\"elementor-counter-number-prefix\"><\/span>\n\t\t\t\t<span class=\"elementor-counter-number\" data-duration=\"100\" data-to-value=\"7\" data-from-value=\"7\" data-delimiter=\",\">7<\/span>\n\t\t\t\t<span class=\"elementor-counter-number-suffix\"><\/span>\n\t\t\t<\/div>\n\t\t<\/div>\n\t\t\t\t\t\t<\/div>\n\t\t\t\t<\/div>\n\t\t\t\t\t<\/div>\n\t\t<\/div>\n\t\t\t\t<div class=\"elementor-column elementor-col-25 elementor-top-column elementor-element elementor-element-5b184221 elementor-sm-50\" data-id=\"5b184221\" data-element_type=\"column\" data-e-type=\"column\">\n\t\t\t<div class=\"elementor-widget-wrap elementor-element-populated\">\n\t\t\t\t\t\t<div class=\"elementor-element elementor-element-48de7b66 elementor-widget elementor-widget-counter\" data-id=\"48de7b66\" data-element_type=\"widget\" data-e-type=\"widget\" data-widget_type=\"counter.default\">\n\t\t\t\t<div class=\"elementor-widget-container\">\n\t\t\t\t\t\t\t<div class=\"elementor-counter\">\n\t\t\t<div class=\"elementor-counter-title\">euros (charges comprises)<\/div>\t\t\t<div class=\"elementor-counter-number-wrapper\">\n\t\t\t\t<span class=\"elementor-counter-number-prefix\"><\/span>\n\t\t\t\t<span class=\"elementor-counter-number\" data-duration=\"100\" data-to-value=\"845\" data-from-value=\"845\" data-delimiter=\" \">845<\/span>\n\t\t\t\t<span class=\"elementor-counter-number-suffix\"><\/span>\n\t\t\t<\/div>\n\t\t<\/div>\n\t\t\t\t\t\t<\/div>\n\t\t\t\t<\/div>\n\t\t\t\t\t<\/div>\n\t\t<\/div>\n\t\t\t\t\t<\/div>\n\t\t<\/section>\n\t\t\t\t<section class=\"elementor-section elementor-top-section elementor-element elementor-element-6eac71f2 elementor-section-boxed elementor-section-height-default elementor-section-height-default\" data-id=\"6eac71f2\" data-element_type=\"section\" data-e-type=\"section\" data-settings=\"{&quot;background_background&quot;:&quot;classic&quot;}\">\n\t\t\t\t\t\t<div class=\"elementor-container elementor-column-gap-default\">\n\t\t\t\t\t<div class=\"elementor-column elementor-col-50 elementor-top-column elementor-element elementor-element-4e9f27d8\" data-id=\"4e9f27d8\" data-element_type=\"column\" data-e-type=\"column\" data-settings=\"{&quot;background_background&quot;:&quot;classic&quot;}\">\n\t\t\t<div class=\"elementor-widget-wrap elementor-element-populated\">\n\t\t\t\t\t\t<div class=\"elementor-element elementor-element-150d420 elementor-widget elementor-widget-heading\" data-id=\"150d420\" data-element_type=\"widget\" data-e-type=\"widget\" data-widget_type=\"heading.default\">\n\t\t\t\t<div class=\"elementor-widget-container\">\n\t\t\t\t\t<h2 class=\"elementor-heading-title elementor-size-default\">Les Vill\u00e9giales Hoche Universit\u00e9<\/h2>\t\t\t\t<\/div>\n\t\t\t\t<\/div>\n\t\t\t\t<div class=\"elementor-element elementor-element-3ae0ef65 elementor-widget-divider--view-line elementor-widget elementor-widget-divider\" data-id=\"3ae0ef65\" data-element_type=\"widget\" data-e-type=\"widget\" data-widget_type=\"divider.default\">\n\t\t\t\t<div class=\"elementor-widget-container\">\n\t\t\t\t\t\t\t<div class=\"elementor-divider\">\n\t\t\t<span class=\"elementor-divider-separator\">\n\t\t\t\t\t\t<\/span>\n\t\t<\/div>\n\t\t\t\t\t\t<\/div>\n\t\t\t\t<\/div>\n\t\t\t\t<div class=\"elementor-element elementor-element-6a425b1d elementor-widget elementor-widget-text-editor\" data-id=\"6a425b1d\" data-element_type=\"widget\" data-e-type=\"widget\" data-widget_type=\"text-editor.default\">\n\t\t\t\t<div class=\"elementor-widget-container\">\n\t\t\t\t\t\t\t\t\t<p data-start=\"266\" data-end=\"509\">Appartement <strong>P3<\/strong>, au <strong>2\u00e8me \u00e9tage<\/strong>, d\u2019une surface habitable de <strong>70 m\u00b2<\/strong> et d\u2019une <strong>loggia de 7 m\u00b2<\/strong>.<\/p><p data-start=\"266\" data-end=\"509\">Cet appartement est compos\u00e9 d\u2019une <strong>entr\u00e9e<\/strong>, d\u2019un <strong>s\u00e9jour <\/strong>avec une <strong>cuisine am\u00e9nag\u00e9e<\/strong>, <strong>2 chambres avec placard \u00e9quip\u00e9<\/strong>, d\u2019une <strong>salle de bains<\/strong> et d\u2019un <strong>WC ind\u00e9pendant et 1 buanderie<\/strong>.<\/p><p data-start=\"266\" data-end=\"509\">Une <strong>place de parking privative<\/strong> en sous-sol est inclus dans la location.\u00a0<\/p><p data-start=\"266\" data-end=\"509\"><strong>Appartement soumis \u00e0 la loi Pinel &#8211; Conditions de ressources \u00e0 respecter.\u00a0<\/strong><\/p>\t\t\t\t\t\t\t\t<\/div>\n\t\t\t\t<\/div>\n\t\t\t\t\t<\/div>\n\t\t<\/div>\n\t\t\t\t<div class=\"elementor-column elementor-col-50 elementor-top-column elementor-element elementor-element-309ceaaa\" data-id=\"309ceaaa\" data-element_type=\"column\" data-e-type=\"column\" data-settings=\"{&quot;background_background&quot;:&quot;classic&quot;}\">\n\t\t\t<div class=\"elementor-widget-wrap elementor-element-populated\">\n\t\t\t\t\t\t<div class=\"elementor-element elementor-element-225cd82d elementor-widget elementor-widget-google_maps\" data-id=\"225cd82d\" data-element_type=\"widget\" data-e-type=\"widget\" data-widget_type=\"google_maps.default\">\n\t\t\t\t<div class=\"elementor-widget-container\">\n\t\t\t\t\t\t\t<div class=\"elementor-custom-embed\">\n\t\t\t<iframe loading=\"lazy\"\n\t\t\t\t\tsrc=\"https:\/\/maps.google.com\/maps?q=155%20rue%20du%20capitaine%20alfred%20dreyfus%2C%2030000%20N%C3%AEmes&#038;t=m&#038;z=16&#038;output=embed&#038;iwloc=near\"\n\t\t\t\t\ttitle=\"155 rue du capitaine alfred dreyfus, 30000 N\u00eemes\"\n\t\t\t\t\taria-label=\"155 rue du capitaine alfred dreyfus, 30000 N\u00eemes\"\n\t\t\t><\/iframe>\n\t\t<\/div>\n\t\t\t\t\t\t<\/div>\n\t\t\t\t<\/div>\n\t\t\t\t\t<\/div>\n\t\t<\/div>\n\t\t\t\t\t<\/div>\n\t\t<\/section>\n\t\t\t\t<section class=\"elementor-section elementor-top-section elementor-element elementor-element-29aba70a elementor-section-boxed elementor-section-height-default elementor-section-height-default\" data-id=\"29aba70a\" data-element_type=\"section\" data-e-type=\"section\">\n\t\t\t\t\t\t<div class=\"elementor-container elementor-column-gap-default\">\n\t\t\t\t\t<div class=\"elementor-column elementor-col-100 elementor-top-column elementor-element elementor-element-1e0f954b\" data-id=\"1e0f954b\" data-element_type=\"column\" data-e-type=\"column\">\n\t\t\t<div class=\"elementor-widget-wrap elementor-element-populated\">\n\t\t\t\t\t\t<div class=\"elementor-element elementor-element-5e9f60ce elementor-align-center elementor-mobile-align-center elementor-widget elementor-widget-button\" data-id=\"5e9f60ce\" data-element_type=\"widget\" data-e-type=\"widget\" data-widget_type=\"button.default\">\n\t\t\t\t<div class=\"elementor-widget-container\">\n\t\t\t\t\t\t\t\t\t<div class=\"elementor-button-wrapper\">\n\t\t\t\t\t<a class=\"elementor-button elementor-button-link elementor-size-lg\" href=\"https:\/\/villegiales.fr\/index.php\/contact-nimes\/\">\n\t\t\t\t\t\t<span class=\"elementor-button-content-wrapper\">\n\t\t\t\t\t\t<span class=\"elementor-button-icon\">\n\t\t\t\t<i aria-hidden=\"true\" class=\"fas fa-angle-double-right\"><\/i>\t\t\t<\/span>\n\t\t\t\t\t\t\t\t\t<span class=\"elementor-button-text\">Obtenir plus d'informations sur cet appartement<\/span>\n\t\t\t\t\t<\/span>\n\t\t\t\t\t<\/a>\n\t\t\t\t<\/div>\n\t\t\t\t\t\t\t\t<\/div>\n\t\t\t\t<\/div>\n\t\t\t\t<div class=\"elementor-element elementor-element-45079fbf elementor-widget elementor-widget-spacer\" data-id=\"45079fbf\" data-element_type=\"widget\" data-e-type=\"widget\" data-widget_type=\"spacer.default\">\n\t\t\t\t<div class=\"elementor-widget-container\">\n\t\t\t\t\t\t\t<div class=\"elementor-spacer\">\n\t\t\t<div class=\"elementor-spacer-inner\"><\/div>\n\t\t<\/div>\n\t\t\t\t\t\t<\/div>\n\t\t\t\t<\/div>\n\t\t\t\t\t<\/div>\n\t\t<\/div>\n\t\t\t\t\t<\/div>\n\t\t<\/section>\n\t\t\t\t<section class=\"elementor-section elementor-top-section elementor-element elementor-element-17fdc130 elementor-section-content-middle elementor-section-stretched elementor-section-boxed elementor-section-height-default elementor-section-height-default\" data-id=\"17fdc130\" data-element_type=\"section\" data-e-type=\"section\" data-settings=\"{&quot;stretch_section&quot;:&quot;section-stretched&quot;,&quot;background_background&quot;:&quot;classic&quot;}\">\n\t\t\t\t\t\t<div class=\"elementor-container elementor-column-gap-no\">\n\t\t\t\t\t<div class=\"elementor-column elementor-col-100 elementor-top-column elementor-element elementor-element-1015d9f9\" data-id=\"1015d9f9\" data-element_type=\"column\" data-e-type=\"column\">\n\t\t\t<div class=\"elementor-widget-wrap elementor-element-populated\">\n\t\t\t\t\t\t<div class=\"elementor-element elementor-element-7515b874 elementor-widget elementor-widget-heading\" data-id=\"7515b874\" data-element_type=\"widget\" data-e-type=\"widget\" data-widget_type=\"heading.default\">\n\t\t\t\t<div class=\"elementor-widget-container\">\n\t\t\t\t\t<p class=\"elementor-heading-title elementor-size-default\">Diagnostic des performances \u00e9nerg\u00e9tiques<\/p>\t\t\t\t<\/div>\n\t\t\t\t<\/div>\n\t\t\t\t<div class=\"elementor-element elementor-element-6ab2dbac elementor-widget-divider--view-line elementor-widget elementor-widget-divider\" data-id=\"6ab2dbac\" data-element_type=\"widget\" data-e-type=\"widget\" data-widget_type=\"divider.default\">\n\t\t\t\t<div class=\"elementor-widget-container\">\n\t\t\t\t\t\t\t<div class=\"elementor-divider\">\n\t\t\t<span class=\"elementor-divider-separator\">\n\t\t\t\t\t\t<\/span>\n\t\t<\/div>\n\t\t\t\t\t\t<\/div>\n\t\t\t\t<\/div>\n\t\t\t\t\t<\/div>\n\t\t<\/div>\n\t\t\t\t\t<\/div>\n\t\t<\/section>\n\t\t\t\t<section class=\"elementor-section elementor-top-section elementor-element elementor-element-49d65511 elementor-section-boxed elementor-section-height-default elementor-section-height-default\" data-id=\"49d65511\" data-element_type=\"section\" data-e-type=\"section\">\n\t\t\t\t\t\t<div class=\"elementor-container elementor-column-gap-default\">\n\t\t\t\t\t<div class=\"elementor-column elementor-col-50 elementor-top-column elementor-element elementor-element-48c33c5a\" data-id=\"48c33c5a\" data-element_type=\"column\" data-e-type=\"column\">\n\t\t\t<div class=\"elementor-widget-wrap elementor-element-populated\">\n\t\t\t\t\t\t<div class=\"elementor-element elementor-element-54cf605d elementor-widget elementor-widget-shortcode\" data-id=\"54cf605d\" data-element_type=\"widget\" data-e-type=\"widget\" data-widget_type=\"shortcode.default\">\n\t\t\t\t<div class=\"elementor-widget-container\">\n\t\t\t\t\t\t\t<div class=\"elementor-shortcode\">            <div class=\"dpe dpeges-inline\">\r\n            <span class=\"title\">Diagnostic de performance \u00e9nerg\u00e9tique<\/span>\r\n            <figure class=\"diagnostic diagnostic-dpe\">\r\n                <figcaption class=\"diagnostic-title hidden\">Diagnostic de performance \u00e9nerg\u00e9tique<\/figcaption>\r\n                <div class=\"diagnostic-container\" aria-hidden=\"true\">\r\n                    <div class=\"diagnostic-legend\"><span>Logement \u00e9conome<\/span> <span><abbr title=\"Unit\u00e9 de l&#039;\u00e9nergie primaire\">KWhEP \/ m\u00b2.an<\/abbr><\/span><\/div>\r\n                    <div class=\"diagnostic-diagram\">\r\n                        <div class=\"diagnostic-line line-a\"><span class=\"diagnostic-value\">\u2264 50<\/span><span class=\"diagnostic-letter letter-a\">A<\/span><\/div>\r\n                        <div class=\"diagnostic-line line-b\"><span class=\"diagnostic-value\">51 \u00e0 90<\/span><span class=\"diagnostic-letter letter-b\">B<\/span><\/div>\r\n                        <div class=\"diagnostic-line line-c\"><span class=\"diagnostic-value\">91 \u00e0 150<\/span><span class=\"diagnostic-letter letter-c\">C<\/span><\/div>\r\n                        <div class=\"diagnostic-line line-d\"><span class=\"diagnostic-value\">151 \u00e0 230<\/span><span class=\"diagnostic-letter letter-d\">D<\/span><\/div>\r\n                        <div class=\"diagnostic-line line-e\"><span class=\"diagnostic-value\">231 \u00e0 330<\/span><span class=\"diagnostic-letter letter-e\">E<\/span><\/div>\r\n                        <div class=\"diagnostic-line line-f\"><span class=\"diagnostic-value\">331 \u00e0 450<\/span><span class=\"diagnostic-letter letter-f\">F<\/span><\/div>\r\n                        <div class=\"diagnostic-line line-g\"><span class=\"diagnostic-value\">&gt; 450<\/span><span class=\"diagnostic-letter letter-g\">G<\/span><\/div>\r\n                    <\/div>\r\n                    <div class=\"diagnostic-scale\">\r\n                        <span class=\"diagnostic-number-container numberA\">\r\n                            <span class=\"diagnostic-number\" aria-hidden=\"false\">34<abbr class=\"hidden\" title=\"Unit\u00e9 de l&#039;\u00e9nergie primaire\">KWhEP \/ m\u00b2.an<\/abbr><\/span>\r\n                        <\/span>\r\n                    <\/div>\r\n                    <span>Logement \u00e9nergivore<\/span>\r\n                <\/div>\r\n                <div class=\"dpe-blank\">\r\n                    <span class=\"dpe-blank-title\">DPE vierge<\/span>\r\n                    <span class=\"dpe-blank-legend\">Consommations non exploitables<\/span>\r\n                <\/div>\r\n                <div class=\"dpe-not-subject\">\r\n                    <span class=\"dpe-not-subject-title\">Non soumis au diagnostic<\/span>\r\n                <\/div>\r\n            <\/figure>\r\n        <\/div>\r\n    \r\n    <\/div>\n\t\t\t\t\t\t<\/div>\n\t\t\t\t<\/div>\n\t\t\t\t\t<\/div>\n\t\t<\/div>\n\t\t\t\t<div class=\"elementor-column elementor-col-50 elementor-top-column elementor-element elementor-element-362ef44\" data-id=\"362ef44\" data-element_type=\"column\" data-e-type=\"column\">\n\t\t\t<div class=\"elementor-widget-wrap elementor-element-populated\">\n\t\t\t\t\t\t<div class=\"elementor-element elementor-element-18339b85 elementor-widget elementor-widget-shortcode\" data-id=\"18339b85\" data-element_type=\"widget\" data-e-type=\"widget\" data-widget_type=\"shortcode.default\">\n\t\t\t\t<div class=\"elementor-widget-container\">\n\t\t\t\t\t\t\t<div class=\"elementor-shortcode\">    \r\n        <div class=\"ges dpeges-inline\">\r\n        <span class=\"title\">Emission de Gaz \u00e0 Effet de Serre<\/span>\r\n        <figure class=\"emission emission-ges\">\r\n            <figcaption class=\"emission-title hidden\">Emission de Gaz \u00e0 Effet de Serre<\/figcaption>\r\n            <div class=\"emission-container \" aria-hidden=\"true\">\r\n                <div class=\"emission-legend\"><span>Faible \u00e9mission de GES<\/span> <span><abbr title=\"Quantit\u00e9 d&#039;\u00e9missions de gaz \u00e0 effet de serre\">Kg\u00e9qCO2 \/ m\u00b2.an<\/abbr><\/span><\/div>\r\n                <div class=\"emission-diagram\">\r\n                    <div class=\"emission-line line-a\"><span class=\"emission-value\">\u2264 5<\/span><span class=\"emission-letter letter-a\">A<\/span><\/div>\r\n                    <div class=\"emission-line line-b\"><span class=\"emission-value\">6 \u00e0 10<\/span><span class=\"emission-letter letter-b\">B<\/span><\/div>\r\n                    <div class=\"emission-line line-c\"><span class=\"emission-value\">11 \u00e0 20<\/span><span class=\"emission-letter letter-c\">C<\/span><\/div>\r\n                    <div class=\"emission-line line-d\"><span class=\"emission-value\">21 \u00e0 35<\/span><span class=\"emission-letter letter-d\">D<\/span><\/div>\r\n                    <div class=\"emission-line line-e\"><span class=\"emission-value\">36 \u00e0 55<\/span><span class=\"emission-letter letter-e\">E<\/span><\/div>\r\n                    <div class=\"emission-line line-f\"><span class=\"emission-value\">56 \u00e0 80<\/span><span class=\"emission-letter letter-f\">F<\/span><\/div>\r\n                    <div class=\"emission-line line-g\"><span class=\"emission-value\">&gt; 80<\/span><span class=\"emission-letter letter-g\">G<\/span><\/div>\r\n                <\/div>\r\n                <div class=\"emission-scale\">\r\n                    <span class=\"emission-number-container numberA\">\r\n                        <span class=\"emission-number\" aria-hidden=\"false\">5                            <abbr title=\"Quantit\u00e9 d&#039;\u00e9missions de gaz \u00e0 effet de serre\" class=\"hidden\">Kg\u00e9qCO2 \/ m\u00b2.an<\/abbr>\r\n                        <\/span>\r\n                    <\/span>\r\n                <\/div>\r\n                <span>Forte \u00e9mission de GES<\/span>\r\n            <\/div>\r\n            <div class=\"ges-blank\">\r\n                <span class=\"ges-blank-title\">GES vierge<\/span>\r\n                <span class=\"ges-blank-legend\">Consommations non exploitables<\/span>\r\n            <\/div>\r\n            <div class=\"ges-not-subject\">\r\n                <span class=\"ges-not-subject-title\">Non soumis au diagnostic<\/span>\r\n            <\/div>\r\n        <\/figure>\r\n    <\/div>\r\n    <\/div>\n\t\t\t\t\t\t<\/div>\n\t\t\t\t<\/div>\n\t\t\t\t\t<\/div>\n\t\t<\/div>\n\t\t\t\t\t<\/div>\n\t\t<\/section>\n\t\t\t\t<section class=\"elementor-section elementor-top-section elementor-element elementor-element-1274401c elementor-section-boxed elementor-section-height-default elementor-section-height-default\" data-id=\"1274401c\" data-element_type=\"section\" data-e-type=\"section\">\n\t\t\t\t\t\t<div class=\"elementor-container elementor-column-gap-default\">\n\t\t\t\t\t<div class=\"elementor-column elementor-col-100 elementor-top-column elementor-element elementor-element-63714a99\" data-id=\"63714a99\" data-element_type=\"column\" data-e-type=\"column\">\n\t\t\t<div class=\"elementor-widget-wrap elementor-element-populated\">\n\t\t\t\t\t\t<div class=\"elementor-element elementor-element-19f41cf6 elementor-align-center elementor-widget elementor-widget-button\" data-id=\"19f41cf6\" data-element_type=\"widget\" data-e-type=\"widget\" data-widget_type=\"button.default\">\n\t\t\t\t<div class=\"elementor-widget-container\">\n\t\t\t\t\t\t\t\t\t<div class=\"elementor-button-wrapper\">\n\t\t\t\t\t<a class=\"elementor-button elementor-button-link elementor-size-lg\" href=\"https:\/\/villegiales.fr\/index.php\/contact-nimes\/\">\n\t\t\t\t\t\t<span class=\"elementor-button-content-wrapper\">\n\t\t\t\t\t\t<span class=\"elementor-button-icon\">\n\t\t\t\t<i aria-hidden=\"true\" class=\"fas fa-angle-double-right\"><\/i>\t\t\t<\/span>\n\t\t\t\t\t\t\t\t\t<span class=\"elementor-button-text\">Obtenir plus d'informations sur cet appartement<\/span>\n\t\t\t\t\t<\/span>\n\t\t\t\t\t<\/a>\n\t\t\t\t<\/div>\n\t\t\t\t\t\t\t\t<\/div>\n\t\t\t\t<\/div>\n\t\t\t\t\t<\/div>\n\t\t<\/div>\n\t\t\t\t\t<\/div>\n\t\t<\/section>\n\t\t\t\t<\/div>\n\t\t","protected":false},"excerpt":{"rendered":"<p>Pi\u00e8ces 3 m\u00b2 70 m\u00b2 de terrasse 7 euros (charges comprises) 845 Les Vill\u00e9giales Hoche Universit\u00e9 Appartement P3, au 2\u00e8me \u00e9tage, d\u2019une surface habitable de 70 m\u00b2 et d\u2019une loggia de 7 m\u00b2. Cet appartement est compos\u00e9 d\u2019une entr\u00e9e, d\u2019un s\u00e9jour avec une cuisine am\u00e9nag\u00e9e, 2 chambres avec placard \u00e9quip\u00e9, d\u2019une salle de bains et [&hellip;]<\/p>\n","protected":false},"author":11,"featured_media":0,"parent":0,"menu_order":0,"comment_status":"closed","ping_status":"closed","template":"","meta":{"footnotes":""},"class_list":["post-12836","page","type-page","status-publish","hentry","entry"],"_links":{"self":[{"href":"https:\/\/villegiales.fr\/index.php\/wp-json\/wp\/v2\/pages\/12836","targetHints":{"allow":["GET"]}}],"collection":[{"href":"https:\/\/villegiales.fr\/index.php\/wp-json\/wp\/v2\/pages"}],"about":[{"href":"https:\/\/villegiales.fr\/index.php\/wp-json\/wp\/v2\/types\/page"}],"author":[{"embeddable":true,"href":"https:\/\/villegiales.fr\/index.php\/wp-json\/wp\/v2\/users\/11"}],"replies":[{"embeddable":true,"href":"https:\/\/villegiales.fr\/index.php\/wp-json\/wp\/v2\/comments?post=12836"}],"version-history":[{"count":28,"href":"https:\/\/villegiales.fr\/index.php\/wp-json\/wp\/v2\/pages\/12836\/revisions"}],"predecessor-version":[{"id":14039,"href":"https:\/\/villegiales.fr\/index.php\/wp-json\/wp\/v2\/pages\/12836\/revisions\/14039"}],"wp:attachment":[{"href":"https:\/\/villegiales.fr\/index.php\/wp-json\/wp\/v2\/media?parent=12836"}],"curies":[{"name":"wp","href":"https:\/\/api.w.org\/{rel}","templated":true}]}}