{"id":3097,"date":"2020-05-06T09:47:11","date_gmt":"2020-05-06T07:47:11","guid":{"rendered":"http:\/\/villegiales.fr\/?page_id=3097"},"modified":"2020-05-22T14:46:00","modified_gmt":"2020-05-22T12:46:00","slug":"mentions-legales","status":"publish","type":"page","link":"https:\/\/villegiales.fr\/index.php\/mentions-legales\/","title":{"rendered":"Mentions l\u00e9gales"},"content":{"rendered":"\n<p><br>Conform\u00e9ment aux dispositions des articles 6-III et 19 de la Loi n\u00b0 2004-575 du 21 juin 2004 pour la Confiance dans l&rsquo;\u00e9conomie num\u00e9rique, dite L.C.E.N., nous portons \u00e0 la connaissance des utilisateurs et visiteurs du site : <a href=\"https:\/\/villegiales.fr\" target=\"_blank\" rel=\"noreferrer noopener\">villegiales.fr<\/a> les informations suivantes :<\/p>\n\n\n\n<p><strong>\u00c9DITEUR<\/strong><\/p>\n\n\n\n<p>Le site <a href=\"https:\/\/villegiales.fr\" target=\"_blank\" rel=\"noreferrer noopener\">villegiales.fr<\/a>&nbsp;est la propri\u00e9t\u00e9 exclusive de&nbsp;<strong>SARL&nbsp;<\/strong><strong>S.C.V.<\/strong>, qui l&rsquo;\u00e9dite.<\/p>\n\n\n\n<p><strong>S.C.V.<\/strong><br><strong>SARL <\/strong>au capital de <strong>43 500,00 \u20ac <\/strong>\u20acT\u00e9l&nbsp; : <strong>0466676261<\/strong><\/p>\n\n\n\n<p><strong>7 rue rouget de lisle&nbsp;30000 Nimes<\/strong><br>Immatricul\u00e9e au Registre du Commerce et des Soci\u00e9t\u00e9s de&nbsp;&nbsp;<strong>R.C.S Nimes <\/strong>sous le num\u00e9ro <strong>320 662 125<\/strong><\/p>\n\n\n\n<p>Num\u00e9ro TVA intracommunautaire : <strong>FR42320662125<\/strong><br>Adresse de courrier \u00e9lectronique : <strong>infos@villegiales.com<\/strong>&nbsp;<br>&nbsp;<br>Directeur de la&nbsp; publication&nbsp;: <strong>Pierre-Antoine Penchinat<\/strong><br>Contactez le responsable de la publication : <strong>pierreantoine.penchinat@one-media.fr<\/strong><\/p>\n\n\n\n<p><strong>H\u00c9BERGEMENT<\/strong><\/p>\n\n\n\n<p>Le site est h\u00e9berg\u00e9\u00a0par\u00a0<strong>OVH 2 rue Kellermann 59100 Roubaix<\/strong><br><strong>CREDITS :<\/strong> les mentions l\u00e9gales ont \u00e9t\u00e9s g\u00e9n\u00e9r\u00e9es par <strong><a href=\"https:\/\/www.generer-mentions-legales.com\">mentions l\u00e9gales<\/a><\/strong><\/p>\n","protected":false},"excerpt":{"rendered":"<p>Conform\u00e9ment aux dispositions des articles 6-III et 19 de la Loi n\u00b0 2004-575 du 21 juin 2004 pour la Confiance dans l&rsquo;\u00e9conomie num\u00e9rique, dite L.C.E.N., nous portons \u00e0 la connaissance des utilisateurs et visiteurs du site : villegiales.fr les informations suivantes : \u00c9DITEUR Le site villegiales.fr&nbsp;est la propri\u00e9t\u00e9 exclusive de&nbsp;SARL&nbsp;S.C.V., qui l&rsquo;\u00e9dite. S.C.V.SARL au capital [&hellip;]<\/p>\n","protected":false},"author":1,"featured_media":0,"parent":0,"menu_order":0,"comment_status":"closed","ping_status":"closed","template":"","meta":{"footnotes":""},"class_list":["post-3097","page","type-page","status-publish","hentry","entry"],"_links":{"self":[{"href":"https:\/\/villegiales.fr\/index.php\/wp-json\/wp\/v2\/pages\/3097","targetHints":{"allow":["GET"]}}],"collection":[{"href":"https:\/\/villegiales.fr\/index.php\/wp-json\/wp\/v2\/pages"}],"about":[{"href":"https:\/\/villegiales.fr\/index.php\/wp-json\/wp\/v2\/types\/page"}],"author":[{"embeddable":true,"href":"https:\/\/villegiales.fr\/index.php\/wp-json\/wp\/v2\/users\/1"}],"replies":[{"embeddable":true,"href":"https:\/\/villegiales.fr\/index.php\/wp-json\/wp\/v2\/comments?post=3097"}],"version-history":[{"count":0,"href":"https:\/\/villegiales.fr\/index.php\/wp-json\/wp\/v2\/pages\/3097\/revisions"}],"wp:attachment":[{"href":"https:\/\/villegiales.fr\/index.php\/wp-json\/wp\/v2\/media?parent=3097"}],"curies":[{"name":"wp","href":"https:\/\/api.w.org\/{rel}","templated":true}]}}