{"id":3360,"date":"2020-06-23T11:58:15","date_gmt":"2020-06-23T09:58:15","guid":{"rendered":"http:\/\/villegiales.fr\/?page_id=3360"},"modified":"2025-12-02T16:18:10","modified_gmt":"2025-12-02T14:18:10","slug":"les-villegiales-de-la-baronnie-p5","status":"publish","type":"page","link":"https:\/\/villegiales.fr\/index.php\/les-villegiales-de-la-baronnie-p5\/","title":{"rendered":"Les Vill\u00e9giales de la Baronnie P5"},"content":{"rendered":"\t\t<div data-elementor-type=\"wp-page\" data-elementor-id=\"3360\" class=\"elementor elementor-3360\" data-elementor-post-type=\"page\">\n\t\t\t\t\t\t<section class=\"elementor-section elementor-top-section elementor-element elementor-element-76c4b301 elementor-hidden-phone elementor-section-height-min-height elementor-section-boxed elementor-section-height-default elementor-section-items-middle\" data-id=\"76c4b301\" data-element_type=\"section\" data-e-type=\"section\" data-settings=\"{&quot;background_background&quot;:&quot;gradient&quot;}\">\n\t\t\t\t\t\t\t<div class=\"elementor-background-overlay\"><\/div>\n\t\t\t\t\t\t\t<div class=\"elementor-container elementor-column-gap-default\">\n\t\t\t\t\t<div class=\"elementor-column elementor-col-100 elementor-top-column elementor-element elementor-element-2d3f3a4e\" data-id=\"2d3f3a4e\" data-element_type=\"column\" data-e-type=\"column\">\n\t\t\t<div class=\"elementor-widget-wrap\">\n\t\t\t\t\t\t\t<\/div>\n\t\t<\/div>\n\t\t\t\t\t<\/div>\n\t\t<\/section>\n\t\t\t\t<section class=\"elementor-section elementor-top-section elementor-element elementor-element-7015779c elementor-section-height-min-height elementor-section-boxed elementor-section-height-default elementor-section-items-middle\" data-id=\"7015779c\" data-element_type=\"section\" data-e-type=\"section\" data-settings=\"{&quot;background_background&quot;:&quot;gradient&quot;}\">\n\t\t\t\t\t\t\t<div class=\"elementor-background-overlay\"><\/div>\n\t\t\t\t\t\t\t<div class=\"elementor-container elementor-column-gap-default\">\n\t\t\t\t\t<div class=\"elementor-column elementor-col-100 elementor-top-column elementor-element elementor-element-1a481381\" data-id=\"1a481381\" data-element_type=\"column\" data-e-type=\"column\">\n\t\t\t<div class=\"elementor-widget-wrap elementor-element-populated\">\n\t\t\t\t\t\t<div class=\"elementor-element elementor-element-1e770dc3 elementor-widget elementor-widget-heading\" data-id=\"1e770dc3\" data-element_type=\"widget\" data-e-type=\"widget\" data-widget_type=\"heading.default\">\n\t\t\t\t<div class=\"elementor-widget-container\">\n\t\t\t\t\t<h1 class=\"elementor-heading-title elementor-size-default\"><br><b>LOCATION : Les Vill\u00e9giales de la Baronnie - ALES<\/b><\/h1>\t\t\t\t<\/div>\n\t\t\t\t<\/div>\n\t\t\t\t\t<\/div>\n\t\t<\/div>\n\t\t\t\t\t<\/div>\n\t\t<\/section>\n\t\t\t\t<section class=\"elementor-section elementor-top-section elementor-element elementor-element-59ec556f elementor-section-content-middle elementor-section-boxed elementor-section-height-default elementor-section-height-default\" data-id=\"59ec556f\" data-element_type=\"section\" data-e-type=\"section\" data-settings=\"{&quot;background_background&quot;:&quot;classic&quot;}\">\n\t\t\t\t\t\t<div class=\"elementor-container elementor-column-gap-default\">\n\t\t\t\t\t<div class=\"elementor-column elementor-col-50 elementor-top-column elementor-element elementor-element-33c0dbab\" data-id=\"33c0dbab\" data-element_type=\"column\" data-e-type=\"column\">\n\t\t\t<div class=\"elementor-widget-wrap elementor-element-populated\">\n\t\t\t\t\t\t<div class=\"elementor-element elementor-element-450f3112 elementor-widget elementor-widget-image\" data-id=\"450f3112\" data-element_type=\"widget\" data-e-type=\"widget\" data-widget_type=\"image.default\">\n\t\t\t\t<div class=\"elementor-widget-container\">\n\t\t\t\t\t\t\t\t\t\t\t\t\t\t\t<img fetchpriority=\"high\" decoding=\"async\" width=\"768\" height=\"576\" src=\"https:\/\/villegiales.fr\/wp-content\/uploads\/2024\/10\/3-mai-2021-4-768x576.jpg\" class=\"attachment-medium_large size-medium_large wp-image-9601\" alt=\"\" srcset=\"https:\/\/villegiales.fr\/wp-content\/uploads\/2024\/10\/3-mai-2021-4-768x576.jpg 768w, https:\/\/villegiales.fr\/wp-content\/uploads\/2024\/10\/3-mai-2021-4-300x225.jpg 300w, https:\/\/villegiales.fr\/wp-content\/uploads\/2024\/10\/3-mai-2021-4-1024x768.jpg 1024w, https:\/\/villegiales.fr\/wp-content\/uploads\/2024\/10\/3-mai-2021-4-1536x1152.jpg 1536w, https:\/\/villegiales.fr\/wp-content\/uploads\/2024\/10\/3-mai-2021-4-2048x1536.jpg 2048w\" sizes=\"(max-width: 768px) 100vw, 768px\" \/>\t\t\t\t\t\t\t\t\t\t\t\t\t\t\t<\/div>\n\t\t\t\t<\/div>\n\t\t\t\t\t<\/div>\n\t\t<\/div>\n\t\t\t\t<div class=\"elementor-column elementor-col-50 elementor-top-column elementor-element elementor-element-542e24a\" data-id=\"542e24a\" data-element_type=\"column\" data-e-type=\"column\">\n\t\t\t<div class=\"elementor-widget-wrap elementor-element-populated\">\n\t\t\t\t\t\t<div class=\"elementor-element elementor-element-7c50949f elementor-widget elementor-widget-heading\" data-id=\"7c50949f\" data-element_type=\"widget\" data-e-type=\"widget\" data-widget_type=\"heading.default\">\n\t\t\t\t<div class=\"elementor-widget-container\">\n\t\t\t\t\t<h3 class=\"elementor-heading-title elementor-size-large\">Al\u00e8s - P5 + Garage<\/h3>\t\t\t\t<\/div>\n\t\t\t\t<\/div>\n\t\t\t\t<section class=\"elementor-section elementor-inner-section elementor-element elementor-element-20fce073 elementor-section-boxed elementor-section-height-default elementor-section-height-default\" data-id=\"20fce073\" data-element_type=\"section\" data-e-type=\"section\">\n\t\t\t\t\t\t<div class=\"elementor-container elementor-column-gap-wide\">\n\t\t\t\t\t<div class=\"elementor-column elementor-col-50 elementor-inner-column elementor-element elementor-element-464468aa\" data-id=\"464468aa\" data-element_type=\"column\" data-e-type=\"column\">\n\t\t\t<div class=\"elementor-widget-wrap elementor-element-populated\">\n\t\t\t\t\t\t<div class=\"elementor-element elementor-element-6b64a670 elementor-widget elementor-widget-heading\" data-id=\"6b64a670\" data-element_type=\"widget\" data-e-type=\"widget\" data-widget_type=\"heading.default\">\n\t\t\t\t<div class=\"elementor-widget-container\">\n\t\t\t\t\t<h2 class=\"elementor-heading-title elementor-size-default\">Surface Habitable<\/h2>\t\t\t\t<\/div>\n\t\t\t\t<\/div>\n\t\t\t\t<div class=\"elementor-element elementor-element-1fa5fa9f elementor-widget elementor-widget-text-editor\" data-id=\"1fa5fa9f\" data-element_type=\"widget\" data-e-type=\"widget\" data-widget_type=\"text-editor.default\">\n\t\t\t\t<div class=\"elementor-widget-container\">\n\t\t\t\t\t\t\t\t\t<p>123 m\u00b2<\/p>\t\t\t\t\t\t\t\t<\/div>\n\t\t\t\t<\/div>\n\t\t\t\t<div class=\"elementor-element elementor-element-419bdf1c elementor-hidden-desktop elementor-hidden-tablet elementor-widget elementor-widget-heading\" data-id=\"419bdf1c\" data-element_type=\"widget\" data-e-type=\"widget\" data-widget_type=\"heading.default\">\n\t\t\t\t<div class=\"elementor-widget-container\">\n\t\t\t\t\t<h2 class=\"elementor-heading-title elementor-size-default\">Surface Terrasse<\/h2>\t\t\t\t<\/div>\n\t\t\t\t<\/div>\n\t\t\t\t<div class=\"elementor-element elementor-element-26ff4486 elementor-hidden-desktop elementor-hidden-tablet elementor-widget elementor-widget-text-editor\" data-id=\"26ff4486\" data-element_type=\"widget\" data-e-type=\"widget\" data-widget_type=\"text-editor.default\">\n\t\t\t\t<div class=\"elementor-widget-container\">\n\t\t\t\t\t\t\t\t\t<p>19 m\u00b2<\/p>\t\t\t\t\t\t\t\t<\/div>\n\t\t\t\t<\/div>\n\t\t\t\t<div class=\"elementor-element elementor-element-d5daf92 elementor-widget elementor-widget-heading\" data-id=\"d5daf92\" data-element_type=\"widget\" data-e-type=\"widget\" data-widget_type=\"heading.default\">\n\t\t\t\t<div class=\"elementor-widget-container\">\n\t\t\t\t\t<h2 class=\"elementor-heading-title elementor-size-default\">Etage<\/h2>\t\t\t\t<\/div>\n\t\t\t\t<\/div>\n\t\t\t\t<div class=\"elementor-element elementor-element-adcee2 elementor-widget elementor-widget-text-editor\" data-id=\"adcee2\" data-element_type=\"widget\" data-e-type=\"widget\" data-widget_type=\"text-editor.default\">\n\t\t\t\t<div class=\"elementor-widget-container\">\n\t\t\t\t\t\t\t\t\t<p>3\u00e8me \u00e9tage (avec ascenseur)<\/p>\t\t\t\t\t\t\t\t<\/div>\n\t\t\t\t<\/div>\n\t\t\t\t<div class=\"elementor-element elementor-element-8e5c7f6 elementor-widget elementor-widget-heading\" data-id=\"8e5c7f6\" data-element_type=\"widget\" data-e-type=\"widget\" data-widget_type=\"heading.default\">\n\t\t\t\t<div class=\"elementor-widget-container\">\n\t\t\t\t\t<h2 class=\"elementor-heading-title elementor-size-default\">Description<\/h2>\t\t\t\t<\/div>\n\t\t\t\t<\/div>\n\t\t\t\t<div class=\"elementor-element elementor-element-2495ce elementor-widget elementor-widget-text-editor\" data-id=\"2495ce\" data-element_type=\"widget\" data-e-type=\"widget\" data-widget_type=\"text-editor.default\">\n\t\t\t\t<div class=\"elementor-widget-container\">\n\t\t\t\t\t\t\t\t\t<p>Magnifique appartement de type 5, climatis\u00e9 , dans une r\u00e9sidence r\u00e9cente, calme et s\u00e9curis\u00e9e, situ\u00e9e au c\u0153ur de la ville d&rsquo;Al\u00e8s, avec vue sur un jardin int\u00e9rieur.\u00a0<\/p>\t\t\t\t\t\t\t\t<\/div>\n\t\t\t\t<\/div>\n\t\t\t\t\t<\/div>\n\t\t<\/div>\n\t\t\t\t<div class=\"elementor-column elementor-col-50 elementor-inner-column elementor-element elementor-element-2b367236\" data-id=\"2b367236\" data-element_type=\"column\" data-e-type=\"column\">\n\t\t\t<div class=\"elementor-widget-wrap elementor-element-populated\">\n\t\t\t\t\t\t<div class=\"elementor-element elementor-element-75d266af elementor-hidden-phone elementor-widget elementor-widget-heading\" data-id=\"75d266af\" data-element_type=\"widget\" data-e-type=\"widget\" data-widget_type=\"heading.default\">\n\t\t\t\t<div class=\"elementor-widget-container\">\n\t\t\t\t\t<h2 class=\"elementor-heading-title elementor-size-default\">Surface Terrasse<\/h2>\t\t\t\t<\/div>\n\t\t\t\t<\/div>\n\t\t\t\t<div class=\"elementor-element elementor-element-212065c2 elementor-hidden-phone elementor-widget elementor-widget-text-editor\" data-id=\"212065c2\" data-element_type=\"widget\" data-e-type=\"widget\" data-widget_type=\"text-editor.default\">\n\t\t\t\t<div class=\"elementor-widget-container\">\n\t\t\t\t\t\t\t\t\t<p>19 m\u00b2<\/p>\t\t\t\t\t\t\t\t<\/div>\n\t\t\t\t<\/div>\n\t\t\t\t<div class=\"elementor-element elementor-element-3bd99a87 elementor-widget elementor-widget-heading\" data-id=\"3bd99a87\" data-element_type=\"widget\" data-e-type=\"widget\" data-widget_type=\"heading.default\">\n\t\t\t\t<div class=\"elementor-widget-container\">\n\t\t\t\t\t<h2 class=\"elementor-heading-title elementor-size-default\">Loyer<\/h2>\t\t\t\t<\/div>\n\t\t\t\t<\/div>\n\t\t\t\t<div class=\"elementor-element elementor-element-4621cf15 elementor-widget elementor-widget-text-editor\" data-id=\"4621cf15\" data-element_type=\"widget\" data-e-type=\"widget\" data-widget_type=\"text-editor.default\">\n\t\t\t\t<div class=\"elementor-widget-container\">\n\t\t\t\t\t\t\t\t\t<p>1070 \u20ac + Charges : 120 \u20ac \u00a0= 1190 \u20ac<\/p>\t\t\t\t\t\t\t\t<\/div>\n\t\t\t\t<\/div>\n\t\t\t\t\t<\/div>\n\t\t<\/div>\n\t\t\t\t\t<\/div>\n\t\t<\/section>\n\t\t\t\t\t<\/div>\n\t\t<\/div>\n\t\t\t\t\t<\/div>\n\t\t<\/section>\n\t\t\t\t<section class=\"elementor-section elementor-top-section elementor-element elementor-element-70ec565b elementor-section-boxed elementor-section-height-default elementor-section-height-default\" data-id=\"70ec565b\" data-element_type=\"section\" data-e-type=\"section\">\n\t\t\t\t\t\t<div class=\"elementor-container elementor-column-gap-default\">\n\t\t\t\t\t<div class=\"elementor-column elementor-col-100 elementor-top-column elementor-element elementor-element-30c0d03e\" data-id=\"30c0d03e\" data-element_type=\"column\" data-e-type=\"column\">\n\t\t\t<div class=\"elementor-widget-wrap elementor-element-populated\">\n\t\t\t\t\t\t<div class=\"elementor-element elementor-element-144999b0 elementor-widget elementor-widget-heading\" data-id=\"144999b0\" data-element_type=\"widget\" data-e-type=\"widget\" data-widget_type=\"heading.default\">\n\t\t\t\t<div class=\"elementor-widget-container\">\n\t\t\t\t\t<h2 class=\"elementor-heading-title elementor-size-default\">Diagnostic des performances \u00e9nerg\u00e9tiques<\/h2>\t\t\t\t<\/div>\n\t\t\t\t<\/div>\n\t\t\t\t<div class=\"elementor-element elementor-element-5e6f1cc6 elementor-widget-divider--view-line elementor-widget elementor-widget-divider\" data-id=\"5e6f1cc6\" data-element_type=\"widget\" data-e-type=\"widget\" data-widget_type=\"divider.default\">\n\t\t\t\t<div class=\"elementor-widget-container\">\n\t\t\t\t\t\t\t<div class=\"elementor-divider\">\n\t\t\t<span class=\"elementor-divider-separator\">\n\t\t\t\t\t\t<\/span>\n\t\t<\/div>\n\t\t\t\t\t\t<\/div>\n\t\t\t\t<\/div>\n\t\t\t\t\t<\/div>\n\t\t<\/div>\n\t\t\t\t\t<\/div>\n\t\t<\/section>\n\t\t\t\t<section class=\"elementor-section elementor-top-section elementor-element elementor-element-246e59ae elementor-section-boxed elementor-section-height-default elementor-section-height-default\" data-id=\"246e59ae\" data-element_type=\"section\" data-e-type=\"section\">\n\t\t\t\t\t\t<div class=\"elementor-container elementor-column-gap-default\">\n\t\t\t\t\t<div class=\"elementor-column elementor-col-50 elementor-top-column elementor-element elementor-element-65d6a7d1\" data-id=\"65d6a7d1\" data-element_type=\"column\" data-e-type=\"column\">\n\t\t\t<div class=\"elementor-widget-wrap elementor-element-populated\">\n\t\t\t\t\t\t<div class=\"elementor-element elementor-element-322541b6 elementor-widget elementor-widget-shortcode\" data-id=\"322541b6\" data-element_type=\"widget\" data-e-type=\"widget\" data-widget_type=\"shortcode.default\">\n\t\t\t\t<div class=\"elementor-widget-container\">\n\t\t\t\t\t\t\t<div class=\"elementor-shortcode\">            <div class=\"dpe dpeges-inline\">\r\n            <span class=\"title\">Diagnostic de performance \u00e9nerg\u00e9tique<\/span>\r\n            <figure class=\"diagnostic diagnostic-dpe\">\r\n                <figcaption class=\"diagnostic-title hidden\">Diagnostic de performance \u00e9nerg\u00e9tique<\/figcaption>\r\n                <div class=\"diagnostic-container\" aria-hidden=\"true\">\r\n                    <div class=\"diagnostic-legend\"><span>Logement \u00e9conome<\/span> <span><abbr title=\"Unit\u00e9 de l&#039;\u00e9nergie primaire\">KWhEP \/ m\u00b2.an<\/abbr><\/span><\/div>\r\n                    <div class=\"diagnostic-diagram\">\r\n                        <div class=\"diagnostic-line line-a\"><span class=\"diagnostic-value\">\u2264 50<\/span><span class=\"diagnostic-letter letter-a\">A<\/span><\/div>\r\n                        <div class=\"diagnostic-line line-b\"><span class=\"diagnostic-value\">51 \u00e0 90<\/span><span class=\"diagnostic-letter letter-b\">B<\/span><\/div>\r\n                        <div class=\"diagnostic-line line-c\"><span class=\"diagnostic-value\">91 \u00e0 150<\/span><span class=\"diagnostic-letter letter-c\">C<\/span><\/div>\r\n                        <div class=\"diagnostic-line line-d\"><span class=\"diagnostic-value\">151 \u00e0 230<\/span><span class=\"diagnostic-letter letter-d\">D<\/span><\/div>\r\n                        <div class=\"diagnostic-line line-e\"><span class=\"diagnostic-value\">231 \u00e0 330<\/span><span class=\"diagnostic-letter letter-e\">E<\/span><\/div>\r\n                        <div class=\"diagnostic-line line-f\"><span class=\"diagnostic-value\">331 \u00e0 450<\/span><span class=\"diagnostic-letter letter-f\">F<\/span><\/div>\r\n                        <div class=\"diagnostic-line line-g\"><span class=\"diagnostic-value\">&gt; 450<\/span><span class=\"diagnostic-letter letter-g\">G<\/span><\/div>\r\n                    <\/div>\r\n                    <div class=\"diagnostic-scale\">\r\n                        <span class=\"diagnostic-number-container numberA\">\r\n                            <span class=\"diagnostic-number\" aria-hidden=\"false\">15<abbr class=\"hidden\" title=\"Unit\u00e9 de l&#039;\u00e9nergie primaire\">KWhEP \/ m\u00b2.an<\/abbr><\/span>\r\n                        <\/span>\r\n                    <\/div>\r\n                    <span>Logement \u00e9nergivore<\/span>\r\n                <\/div>\r\n                <div class=\"dpe-blank\">\r\n                    <span class=\"dpe-blank-title\">DPE vierge<\/span>\r\n                    <span class=\"dpe-blank-legend\">Consommations non exploitables<\/span>\r\n                <\/div>\r\n                <div class=\"dpe-not-subject\">\r\n                    <span class=\"dpe-not-subject-title\">Non soumis au diagnostic<\/span>\r\n                <\/div>\r\n            <\/figure>\r\n        <\/div>\r\n    \r\n    <\/div>\n\t\t\t\t\t\t<\/div>\n\t\t\t\t<\/div>\n\t\t\t\t\t<\/div>\n\t\t<\/div>\n\t\t\t\t<div class=\"elementor-column elementor-col-50 elementor-top-column elementor-element elementor-element-42ce24d5\" data-id=\"42ce24d5\" data-element_type=\"column\" data-e-type=\"column\">\n\t\t\t<div class=\"elementor-widget-wrap elementor-element-populated\">\n\t\t\t\t\t\t<div class=\"elementor-element elementor-element-719fca23 elementor-widget elementor-widget-shortcode\" data-id=\"719fca23\" data-element_type=\"widget\" data-e-type=\"widget\" data-widget_type=\"shortcode.default\">\n\t\t\t\t<div class=\"elementor-widget-container\">\n\t\t\t\t\t\t\t<div class=\"elementor-shortcode\">    \r\n        <div class=\"ges dpeges-inline\">\r\n        <span class=\"title\">Emission de Gaz \u00e0 Effet de Serre<\/span>\r\n        <figure class=\"emission emission-ges\">\r\n            <figcaption class=\"emission-title hidden\">Emission de Gaz \u00e0 Effet de Serre<\/figcaption>\r\n            <div class=\"emission-container \" aria-hidden=\"true\">\r\n                <div class=\"emission-legend\"><span>Faible \u00e9mission de GES<\/span> <span><abbr title=\"Quantit\u00e9 d&#039;\u00e9missions de gaz \u00e0 effet de serre\">Kg\u00e9qCO2 \/ m\u00b2.an<\/abbr><\/span><\/div>\r\n                <div class=\"emission-diagram\">\r\n                    <div class=\"emission-line line-a\"><span class=\"emission-value\">\u2264 5<\/span><span class=\"emission-letter letter-a\">A<\/span><\/div>\r\n                    <div class=\"emission-line line-b\"><span class=\"emission-value\">6 \u00e0 10<\/span><span class=\"emission-letter letter-b\">B<\/span><\/div>\r\n                    <div class=\"emission-line line-c\"><span class=\"emission-value\">11 \u00e0 20<\/span><span class=\"emission-letter letter-c\">C<\/span><\/div>\r\n                    <div class=\"emission-line line-d\"><span class=\"emission-value\">21 \u00e0 35<\/span><span class=\"emission-letter letter-d\">D<\/span><\/div>\r\n                    <div class=\"emission-line line-e\"><span class=\"emission-value\">36 \u00e0 55<\/span><span class=\"emission-letter letter-e\">E<\/span><\/div>\r\n                    <div class=\"emission-line line-f\"><span class=\"emission-value\">56 \u00e0 80<\/span><span class=\"emission-letter letter-f\">F<\/span><\/div>\r\n                    <div class=\"emission-line line-g\"><span class=\"emission-value\">&gt; 80<\/span><span class=\"emission-letter letter-g\">G<\/span><\/div>\r\n                <\/div>\r\n                <div class=\"emission-scale\">\r\n                    <span class=\"emission-number-container numberA\">\r\n                        <span class=\"emission-number\" aria-hidden=\"false\">5                            <abbr title=\"Quantit\u00e9 d&#039;\u00e9missions de gaz \u00e0 effet de serre\" class=\"hidden\">Kg\u00e9qCO2 \/ m\u00b2.an<\/abbr>\r\n                        <\/span>\r\n                    <\/span>\r\n                <\/div>\r\n                <span>Forte \u00e9mission de GES<\/span>\r\n            <\/div>\r\n            <div class=\"ges-blank\">\r\n                <span class=\"ges-blank-title\">GES vierge<\/span>\r\n                <span class=\"ges-blank-legend\">Consommations non exploitables<\/span>\r\n            <\/div>\r\n            <div class=\"ges-not-subject\">\r\n                <span class=\"ges-not-subject-title\">Non soumis au diagnostic<\/span>\r\n            <\/div>\r\n        <\/figure>\r\n    <\/div>\r\n    <\/div>\n\t\t\t\t\t\t<\/div>\n\t\t\t\t<\/div>\n\t\t\t\t\t<\/div>\n\t\t<\/div>\n\t\t\t\t\t<\/div>\n\t\t<\/section>\n\t\t\t\t<section class=\"elementor-section elementor-top-section elementor-element elementor-element-150abc1 elementor-section-boxed elementor-section-height-default elementor-section-height-default\" data-id=\"150abc1\" data-element_type=\"section\" data-e-type=\"section\">\n\t\t\t\t\t\t<div class=\"elementor-container elementor-column-gap-default\">\n\t\t\t\t\t<div class=\"elementor-column elementor-col-100 elementor-top-column elementor-element elementor-element-16366f6b\" data-id=\"16366f6b\" data-element_type=\"column\" data-e-type=\"column\">\n\t\t\t<div class=\"elementor-widget-wrap elementor-element-populated\">\n\t\t\t\t\t\t<div class=\"elementor-element elementor-element-44c209dd elementor-widget elementor-widget-spacer\" data-id=\"44c209dd\" data-element_type=\"widget\" data-e-type=\"widget\" data-widget_type=\"spacer.default\">\n\t\t\t\t<div class=\"elementor-widget-container\">\n\t\t\t\t\t\t\t<div class=\"elementor-spacer\">\n\t\t\t<div class=\"elementor-spacer-inner\"><\/div>\n\t\t<\/div>\n\t\t\t\t\t\t<\/div>\n\t\t\t\t<\/div>\n\t\t\t\t<div class=\"elementor-element elementor-element-1df85673 elementor-align-center elementor-widget elementor-widget-button\" data-id=\"1df85673\" data-element_type=\"widget\" data-e-type=\"widget\" data-widget_type=\"button.default\">\n\t\t\t\t<div class=\"elementor-widget-container\">\n\t\t\t\t\t\t\t\t\t<div class=\"elementor-button-wrapper\">\n\t\t\t\t\t<a class=\"elementor-button elementor-button-link elementor-size-lg\" href=\"https:\/\/villegiales.fr\/index.php\/contact-nimes\/\" target=\"_blank\">\n\t\t\t\t\t\t<span class=\"elementor-button-content-wrapper\">\n\t\t\t\t\t\t<span class=\"elementor-button-icon\">\n\t\t\t\t<i aria-hidden=\"true\" class=\"fas fa-angle-double-right\"><\/i>\t\t\t<\/span>\n\t\t\t\t\t\t\t\t\t<span class=\"elementor-button-text\">Obtenir plus d'informations sur cet appartement<\/span>\n\t\t\t\t\t<\/span>\n\t\t\t\t\t<\/a>\n\t\t\t\t<\/div>\n\t\t\t\t\t\t\t\t<\/div>\n\t\t\t\t<\/div>\n\t\t\t\t<div class=\"elementor-element elementor-element-6f221724 elementor-widget elementor-widget-spacer\" data-id=\"6f221724\" data-element_type=\"widget\" data-e-type=\"widget\" data-widget_type=\"spacer.default\">\n\t\t\t\t<div class=\"elementor-widget-container\">\n\t\t\t\t\t\t\t<div class=\"elementor-spacer\">\n\t\t\t<div class=\"elementor-spacer-inner\"><\/div>\n\t\t<\/div>\n\t\t\t\t\t\t<\/div>\n\t\t\t\t<\/div>\n\t\t\t\t\t<\/div>\n\t\t<\/div>\n\t\t\t\t\t<\/div>\n\t\t<\/section>\n\t\t\t\t<section class=\"elementor-section elementor-top-section elementor-element elementor-element-62662b63 elementor-section-content-middle elementor-section-stretched elementor-section-boxed elementor-section-height-default elementor-section-height-default\" data-id=\"62662b63\" data-element_type=\"section\" data-e-type=\"section\" data-settings=\"{&quot;background_background&quot;:&quot;classic&quot;,&quot;stretch_section&quot;:&quot;section-stretched&quot;}\">\n\t\t\t\t\t\t\t<div class=\"elementor-background-overlay\"><\/div>\n\t\t\t\t\t\t\t<div class=\"elementor-container elementor-column-gap-default\">\n\t\t\t\t\t<div class=\"elementor-column elementor-col-100 elementor-top-column elementor-element elementor-element-631d93a5\" data-id=\"631d93a5\" data-element_type=\"column\" data-e-type=\"column\">\n\t\t\t<div class=\"elementor-widget-wrap elementor-element-populated\">\n\t\t\t\t\t\t<div class=\"elementor-element elementor-element-46ed7602 elementor-align-center elementor-widget elementor-widget-button\" data-id=\"46ed7602\" data-element_type=\"widget\" data-e-type=\"widget\" data-widget_type=\"button.default\">\n\t\t\t\t<div class=\"elementor-widget-container\">\n\t\t\t\t\t\t\t\t\t<div class=\"elementor-button-wrapper\">\n\t\t\t\t\t<a class=\"elementor-button elementor-button-link elementor-size-xl\" href=\"https:\/\/villegiales.fr\/index.php\/locations\/\">\n\t\t\t\t\t\t<span class=\"elementor-button-content-wrapper\">\n\t\t\t\t\t\t\t\t\t<span class=\"elementor-button-text\">Nos autres locations<\/span>\n\t\t\t\t\t<\/span>\n\t\t\t\t\t<\/a>\n\t\t\t\t<\/div>\n\t\t\t\t\t\t\t\t<\/div>\n\t\t\t\t<\/div>\n\t\t\t\t\t<\/div>\n\t\t<\/div>\n\t\t\t\t\t<\/div>\n\t\t<\/section>\n\t\t\t\t<\/div>\n\t\t","protected":false},"excerpt":{"rendered":"<p>LOCATION : Les Vill\u00e9giales de la Baronnie &#8211; ALES Al\u00e8s &#8211; P5 + Garage Surface Habitable 123 m\u00b2 Surface Terrasse 19 m\u00b2 Etage 3\u00e8me \u00e9tage (avec ascenseur) Description Magnifique appartement de type 5, climatis\u00e9 , dans une r\u00e9sidence r\u00e9cente, calme et s\u00e9curis\u00e9e, situ\u00e9e au c\u0153ur de la ville d&rsquo;Al\u00e8s, avec vue sur un jardin int\u00e9rieur.\u00a0 [&hellip;]<\/p>\n","protected":false},"author":5,"featured_media":0,"parent":0,"menu_order":0,"comment_status":"closed","ping_status":"closed","template":"elementor_header_footer","meta":{"footnotes":""},"class_list":["post-3360","page","type-page","status-publish","hentry","entry"],"_links":{"self":[{"href":"https:\/\/villegiales.fr\/index.php\/wp-json\/wp\/v2\/pages\/3360","targetHints":{"allow":["GET"]}}],"collection":[{"href":"https:\/\/villegiales.fr\/index.php\/wp-json\/wp\/v2\/pages"}],"about":[{"href":"https:\/\/villegiales.fr\/index.php\/wp-json\/wp\/v2\/types\/page"}],"author":[{"embeddable":true,"href":"https:\/\/villegiales.fr\/index.php\/wp-json\/wp\/v2\/users\/5"}],"replies":[{"embeddable":true,"href":"https:\/\/villegiales.fr\/index.php\/wp-json\/wp\/v2\/comments?post=3360"}],"version-history":[{"count":0,"href":"https:\/\/villegiales.fr\/index.php\/wp-json\/wp\/v2\/pages\/3360\/revisions"}],"wp:attachment":[{"href":"https:\/\/villegiales.fr\/index.php\/wp-json\/wp\/v2\/media?parent=3360"}],"curies":[{"name":"wp","href":"https:\/\/api.w.org\/{rel}","templated":true}]}}