{"id":4375,"date":"2021-03-23T12:01:22","date_gmt":"2021-03-23T10:01:22","guid":{"rendered":"http:\/\/villegiales.fr\/?page_id=4375"},"modified":"2025-12-17T11:46:40","modified_gmt":"2025-12-17T09:46:40","slug":"loc-les-villegiales-campagnette-p2-gar-clim","status":"publish","type":"page","link":"https:\/\/villegiales.fr\/index.php\/loc-les-villegiales-campagnette-p2-gar-clim\/","title":{"rendered":"Location N\u00eemes : R\u00e9sidence Campagnette &#8211; P2 + Garage Clim"},"content":{"rendered":"\t\t<div data-elementor-type=\"wp-page\" data-elementor-id=\"4375\" class=\"elementor elementor-4375\" data-elementor-post-type=\"page\">\n\t\t\t\t\t\t<section class=\"elementor-section elementor-top-section elementor-element elementor-element-19e1cbeb elementor-hidden-phone elementor-section-height-min-height elementor-section-boxed elementor-section-height-default elementor-section-items-middle\" data-id=\"19e1cbeb\" data-element_type=\"section\" data-e-type=\"section\" data-settings=\"{&quot;background_background&quot;:&quot;gradient&quot;}\">\n\t\t\t\t\t\t\t<div class=\"elementor-background-overlay\"><\/div>\n\t\t\t\t\t\t\t<div class=\"elementor-container elementor-column-gap-default\">\n\t\t\t\t\t<div class=\"elementor-column elementor-col-100 elementor-top-column elementor-element elementor-element-4cba8889\" data-id=\"4cba8889\" data-element_type=\"column\" data-e-type=\"column\">\n\t\t\t<div class=\"elementor-widget-wrap\">\n\t\t\t\t\t\t\t<\/div>\n\t\t<\/div>\n\t\t\t\t\t<\/div>\n\t\t<\/section>\n\t\t\t\t<section class=\"elementor-section elementor-top-section elementor-element elementor-element-39a9a498 elementor-section-height-min-height elementor-section-boxed elementor-section-height-default elementor-section-items-middle\" data-id=\"39a9a498\" data-element_type=\"section\" data-e-type=\"section\" data-settings=\"{&quot;background_background&quot;:&quot;gradient&quot;}\">\n\t\t\t\t\t\t\t<div class=\"elementor-background-overlay\"><\/div>\n\t\t\t\t\t\t\t<div class=\"elementor-container elementor-column-gap-default\">\n\t\t\t\t\t<div class=\"elementor-column elementor-col-100 elementor-top-column elementor-element elementor-element-91865c3\" data-id=\"91865c3\" data-element_type=\"column\" data-e-type=\"column\">\n\t\t\t<div class=\"elementor-widget-wrap elementor-element-populated\">\n\t\t\t\t\t\t<div class=\"elementor-element elementor-element-1c6e5b21 elementor-widget elementor-widget-heading\" data-id=\"1c6e5b21\" data-element_type=\"widget\" data-e-type=\"widget\" data-widget_type=\"heading.default\">\n\t\t\t\t<div class=\"elementor-widget-container\">\n\t\t\t\t\t<h1 class=\"elementor-heading-title elementor-size-default\"><br><b>LOCATION : R\u00e9sidence Campagnette - NIMES<\/b><\/h1>\t\t\t\t<\/div>\n\t\t\t\t<\/div>\n\t\t\t\t\t<\/div>\n\t\t<\/div>\n\t\t\t\t\t<\/div>\n\t\t<\/section>\n\t\t\t\t<section class=\"elementor-section elementor-top-section elementor-element elementor-element-31960a6f elementor-section-content-middle elementor-section-boxed elementor-section-height-default elementor-section-height-default\" data-id=\"31960a6f\" data-element_type=\"section\" data-e-type=\"section\" data-settings=\"{&quot;background_background&quot;:&quot;classic&quot;}\">\n\t\t\t\t\t\t<div class=\"elementor-container elementor-column-gap-default\">\n\t\t\t\t\t<div class=\"elementor-column elementor-col-50 elementor-top-column elementor-element elementor-element-17556c39\" data-id=\"17556c39\" data-element_type=\"column\" data-e-type=\"column\">\n\t\t\t<div class=\"elementor-widget-wrap elementor-element-populated\">\n\t\t\t\t\t\t<div class=\"elementor-element elementor-element-5c02568a elementor-widget elementor-widget-image\" data-id=\"5c02568a\" data-element_type=\"widget\" data-e-type=\"widget\" data-widget_type=\"image.default\">\n\t\t\t\t<div class=\"elementor-widget-container\">\n\t\t\t\t\t\t\t\t\t\t\t\t\t\t\t<img fetchpriority=\"high\" decoding=\"async\" width=\"1024\" height=\"600\" src=\"https:\/\/villegiales.fr\/wp-content\/uploads\/2021\/03\/CAMPAGNETTE-1024x600.jpg\" class=\"attachment-large size-large wp-image-4433\" alt=\"\" srcset=\"https:\/\/villegiales.fr\/wp-content\/uploads\/2021\/03\/CAMPAGNETTE-1024x600.jpg 1024w, https:\/\/villegiales.fr\/wp-content\/uploads\/2021\/03\/CAMPAGNETTE-300x176.jpg 300w, https:\/\/villegiales.fr\/wp-content\/uploads\/2021\/03\/CAMPAGNETTE-768x450.jpg 768w, https:\/\/villegiales.fr\/wp-content\/uploads\/2021\/03\/CAMPAGNETTE.jpg 1293w\" sizes=\"(max-width: 1024px) 100vw, 1024px\" \/>\t\t\t\t\t\t\t\t\t\t\t\t\t\t\t<\/div>\n\t\t\t\t<\/div>\n\t\t\t\t\t<\/div>\n\t\t<\/div>\n\t\t\t\t<div class=\"elementor-column elementor-col-50 elementor-top-column elementor-element elementor-element-4dc86332\" data-id=\"4dc86332\" data-element_type=\"column\" data-e-type=\"column\">\n\t\t\t<div class=\"elementor-widget-wrap elementor-element-populated\">\n\t\t\t\t\t\t<div class=\"elementor-element elementor-element-48c75118 elementor-widget elementor-widget-heading\" data-id=\"48c75118\" data-element_type=\"widget\" data-e-type=\"widget\" data-widget_type=\"heading.default\">\n\t\t\t\t<div class=\"elementor-widget-container\">\n\t\t\t\t\t<h3 class=\"elementor-heading-title elementor-size-large\">N\u00eemes - P2 + Garage - climatis\u00e9 <\/h3>\t\t\t\t<\/div>\n\t\t\t\t<\/div>\n\t\t\t\t<section class=\"elementor-section elementor-inner-section elementor-element elementor-element-d4c2edf elementor-section-boxed elementor-section-height-default elementor-section-height-default\" data-id=\"d4c2edf\" data-element_type=\"section\" data-e-type=\"section\">\n\t\t\t\t\t\t<div class=\"elementor-container elementor-column-gap-wide\">\n\t\t\t\t\t<div class=\"elementor-column elementor-col-50 elementor-inner-column elementor-element elementor-element-1c5114f\" data-id=\"1c5114f\" data-element_type=\"column\" data-e-type=\"column\">\n\t\t\t<div class=\"elementor-widget-wrap elementor-element-populated\">\n\t\t\t\t\t\t<div class=\"elementor-element elementor-element-e2bebaa elementor-widget elementor-widget-heading\" data-id=\"e2bebaa\" data-element_type=\"widget\" data-e-type=\"widget\" data-widget_type=\"heading.default\">\n\t\t\t\t<div class=\"elementor-widget-container\">\n\t\t\t\t\t<h2 class=\"elementor-heading-title elementor-size-default\">Surface Habitable<\/h2>\t\t\t\t<\/div>\n\t\t\t\t<\/div>\n\t\t\t\t<div class=\"elementor-element elementor-element-6d1da0d8 elementor-widget elementor-widget-text-editor\" data-id=\"6d1da0d8\" data-element_type=\"widget\" data-e-type=\"widget\" data-widget_type=\"text-editor.default\">\n\t\t\t\t<div class=\"elementor-widget-container\">\n\t\t\t\t\t\t\t\t\t<p>46\u00a0 m\u00b2<\/p>\t\t\t\t\t\t\t\t<\/div>\n\t\t\t\t<\/div>\n\t\t\t\t<div class=\"elementor-element elementor-element-260ac231 elementor-hidden-desktop elementor-hidden-tablet elementor-widget elementor-widget-heading\" data-id=\"260ac231\" data-element_type=\"widget\" data-e-type=\"widget\" data-widget_type=\"heading.default\">\n\t\t\t\t<div class=\"elementor-widget-container\">\n\t\t\t\t\t<h2 class=\"elementor-heading-title elementor-size-default\">Surface Terrasse<\/h2>\t\t\t\t<\/div>\n\t\t\t\t<\/div>\n\t\t\t\t<div class=\"elementor-element elementor-element-529fc49b elementor-hidden-desktop elementor-hidden-tablet elementor-widget elementor-widget-text-editor\" data-id=\"529fc49b\" data-element_type=\"widget\" data-e-type=\"widget\" data-widget_type=\"text-editor.default\">\n\t\t\t\t<div class=\"elementor-widget-container\">\n\t\t\t\t\t\t\t\t\t<p>5 m\u00b2<\/p>\t\t\t\t\t\t\t\t<\/div>\n\t\t\t\t<\/div>\n\t\t\t\t<div class=\"elementor-element elementor-element-4c2514f4 elementor-widget elementor-widget-heading\" data-id=\"4c2514f4\" data-element_type=\"widget\" data-e-type=\"widget\" data-widget_type=\"heading.default\">\n\t\t\t\t<div class=\"elementor-widget-container\">\n\t\t\t\t\t<h2 class=\"elementor-heading-title elementor-size-default\">Etage<\/h2>\t\t\t\t<\/div>\n\t\t\t\t<\/div>\n\t\t\t\t<div class=\"elementor-element elementor-element-36417339 elementor-widget elementor-widget-text-editor\" data-id=\"36417339\" data-element_type=\"widget\" data-e-type=\"widget\" data-widget_type=\"text-editor.default\">\n\t\t\t\t<div class=\"elementor-widget-container\">\n\t\t\t\t\t\t\t\t\t<p>1et \u00e9tage avec ascenseur<\/p>\t\t\t\t\t\t\t\t<\/div>\n\t\t\t\t<\/div>\n\t\t\t\t<div class=\"elementor-element elementor-element-1bd77f0b elementor-widget elementor-widget-heading\" data-id=\"1bd77f0b\" data-element_type=\"widget\" data-e-type=\"widget\" data-widget_type=\"heading.default\">\n\t\t\t\t<div class=\"elementor-widget-container\">\n\t\t\t\t\t<h2 class=\"elementor-heading-title elementor-size-default\">Description<\/h2>\t\t\t\t<\/div>\n\t\t\t\t<\/div>\n\t\t\t\t<div class=\"elementor-element elementor-element-2f3f6c40 elementor-widget elementor-widget-text-editor\" data-id=\"2f3f6c40\" data-element_type=\"widget\" data-e-type=\"widget\" data-widget_type=\"text-editor.default\">\n\t\t\t\t<div class=\"elementor-widget-container\">\n\t\t\t\t\t\t\t\t\t<p>R\u00e9sidence calme et s\u00e9curis\u00e9e, \u00e0 proximit\u00e9 des commodit\u00e9s.<\/p>\t\t\t\t\t\t\t\t<\/div>\n\t\t\t\t<\/div>\n\t\t\t\t\t<\/div>\n\t\t<\/div>\n\t\t\t\t<div class=\"elementor-column elementor-col-50 elementor-inner-column elementor-element elementor-element-42bea8c6\" data-id=\"42bea8c6\" data-element_type=\"column\" data-e-type=\"column\">\n\t\t\t<div class=\"elementor-widget-wrap elementor-element-populated\">\n\t\t\t\t\t\t<div class=\"elementor-element elementor-element-2033f0b9 elementor-hidden-phone elementor-widget elementor-widget-heading\" data-id=\"2033f0b9\" data-element_type=\"widget\" data-e-type=\"widget\" data-widget_type=\"heading.default\">\n\t\t\t\t<div class=\"elementor-widget-container\">\n\t\t\t\t\t<h2 class=\"elementor-heading-title elementor-size-default\">Surface Terrasse<\/h2>\t\t\t\t<\/div>\n\t\t\t\t<\/div>\n\t\t\t\t<div class=\"elementor-element elementor-element-1ba0737a elementor-hidden-phone elementor-widget elementor-widget-text-editor\" data-id=\"1ba0737a\" data-element_type=\"widget\" data-e-type=\"widget\" data-widget_type=\"text-editor.default\">\n\t\t\t\t<div class=\"elementor-widget-container\">\n\t\t\t\t\t\t\t\t\t<p>5 m\u00b2<\/p>\t\t\t\t\t\t\t\t<\/div>\n\t\t\t\t<\/div>\n\t\t\t\t<div class=\"elementor-element elementor-element-2ed7cb62 elementor-widget elementor-widget-heading\" data-id=\"2ed7cb62\" data-element_type=\"widget\" data-e-type=\"widget\" data-widget_type=\"heading.default\">\n\t\t\t\t<div class=\"elementor-widget-container\">\n\t\t\t\t\t<h2 class=\"elementor-heading-title elementor-size-default\">Loyer<\/h2>\t\t\t\t<\/div>\n\t\t\t\t<\/div>\n\t\t\t\t<div class=\"elementor-element elementor-element-2150046d elementor-widget elementor-widget-text-editor\" data-id=\"2150046d\" data-element_type=\"widget\" data-e-type=\"widget\" data-widget_type=\"text-editor.default\">\n\t\t\t\t<div class=\"elementor-widget-container\">\n\t\t\t\t\t\t\t\t\t<p>646\u00a0 \u20ac + Charges : 44 \u20ac \u00a0= 690 \u20ac<\/p>\t\t\t\t\t\t\t\t<\/div>\n\t\t\t\t<\/div>\n\t\t\t\t\t<\/div>\n\t\t<\/div>\n\t\t\t\t\t<\/div>\n\t\t<\/section>\n\t\t\t\t\t<\/div>\n\t\t<\/div>\n\t\t\t\t\t<\/div>\n\t\t<\/section>\n\t\t\t\t<section class=\"elementor-section elementor-top-section elementor-element elementor-element-3883a879 elementor-section-boxed elementor-section-height-default elementor-section-height-default\" data-id=\"3883a879\" data-element_type=\"section\" data-e-type=\"section\">\n\t\t\t\t\t\t<div class=\"elementor-container elementor-column-gap-default\">\n\t\t\t\t\t<div class=\"elementor-column elementor-col-100 elementor-top-column elementor-element elementor-element-7dc7badc\" data-id=\"7dc7badc\" data-element_type=\"column\" data-e-type=\"column\">\n\t\t\t<div class=\"elementor-widget-wrap elementor-element-populated\">\n\t\t\t\t\t\t<div class=\"elementor-element elementor-element-606bf850 elementor-widget elementor-widget-heading\" data-id=\"606bf850\" data-element_type=\"widget\" data-e-type=\"widget\" data-widget_type=\"heading.default\">\n\t\t\t\t<div class=\"elementor-widget-container\">\n\t\t\t\t\t<h2 class=\"elementor-heading-title elementor-size-default\">Diagnostic des performances \u00e9nerg\u00e9tiques<\/h2>\t\t\t\t<\/div>\n\t\t\t\t<\/div>\n\t\t\t\t<div class=\"elementor-element elementor-element-56aceff5 elementor-widget-divider--view-line elementor-widget elementor-widget-divider\" data-id=\"56aceff5\" data-element_type=\"widget\" data-e-type=\"widget\" data-widget_type=\"divider.default\">\n\t\t\t\t<div class=\"elementor-widget-container\">\n\t\t\t\t\t\t\t<div class=\"elementor-divider\">\n\t\t\t<span class=\"elementor-divider-separator\">\n\t\t\t\t\t\t<\/span>\n\t\t<\/div>\n\t\t\t\t\t\t<\/div>\n\t\t\t\t<\/div>\n\t\t\t\t\t<\/div>\n\t\t<\/div>\n\t\t\t\t\t<\/div>\n\t\t<\/section>\n\t\t\t\t<section class=\"elementor-section elementor-top-section elementor-element elementor-element-42621fdc elementor-section-boxed elementor-section-height-default elementor-section-height-default\" data-id=\"42621fdc\" data-element_type=\"section\" data-e-type=\"section\">\n\t\t\t\t\t\t<div class=\"elementor-container elementor-column-gap-default\">\n\t\t\t\t\t<div class=\"elementor-column elementor-col-50 elementor-top-column elementor-element elementor-element-6a462b60\" data-id=\"6a462b60\" data-element_type=\"column\" data-e-type=\"column\">\n\t\t\t<div class=\"elementor-widget-wrap elementor-element-populated\">\n\t\t\t\t\t\t<div class=\"elementor-element elementor-element-1a0fb6d5 elementor-widget elementor-widget-shortcode\" data-id=\"1a0fb6d5\" data-element_type=\"widget\" data-e-type=\"widget\" data-widget_type=\"shortcode.default\">\n\t\t\t\t<div class=\"elementor-widget-container\">\n\t\t\t\t\t\t\t<div class=\"elementor-shortcode\">            <div class=\"dpe dpeges-inline\">\r\n            <span class=\"title\">Diagnostic de performance \u00e9nerg\u00e9tique<\/span>\r\n            <figure class=\"diagnostic diagnostic-dpe\">\r\n                <figcaption class=\"diagnostic-title hidden\">Diagnostic de performance \u00e9nerg\u00e9tique<\/figcaption>\r\n                <div class=\"diagnostic-container\" aria-hidden=\"true\">\r\n                    <div class=\"diagnostic-legend\"><span>Logement \u00e9conome<\/span> <span><abbr title=\"Unit\u00e9 de l&#039;\u00e9nergie primaire\">KWhEP \/ m\u00b2.an<\/abbr><\/span><\/div>\r\n                    <div class=\"diagnostic-diagram\">\r\n                        <div class=\"diagnostic-line line-a\"><span class=\"diagnostic-value\">\u2264 50<\/span><span class=\"diagnostic-letter letter-a\">A<\/span><\/div>\r\n                        <div class=\"diagnostic-line line-b\"><span class=\"diagnostic-value\">51 \u00e0 90<\/span><span class=\"diagnostic-letter letter-b\">B<\/span><\/div>\r\n                        <div class=\"diagnostic-line line-c\"><span class=\"diagnostic-value\">91 \u00e0 150<\/span><span class=\"diagnostic-letter letter-c\">C<\/span><\/div>\r\n                        <div class=\"diagnostic-line line-d\"><span class=\"diagnostic-value\">151 \u00e0 230<\/span><span class=\"diagnostic-letter letter-d\">D<\/span><\/div>\r\n                        <div class=\"diagnostic-line line-e\"><span class=\"diagnostic-value\">231 \u00e0 330<\/span><span class=\"diagnostic-letter letter-e\">E<\/span><\/div>\r\n                        <div class=\"diagnostic-line line-f\"><span class=\"diagnostic-value\">331 \u00e0 450<\/span><span class=\"diagnostic-letter letter-f\">F<\/span><\/div>\r\n                        <div class=\"diagnostic-line line-g\"><span class=\"diagnostic-value\">&gt; 450<\/span><span class=\"diagnostic-letter letter-g\">G<\/span><\/div>\r\n                    <\/div>\r\n                    <div class=\"diagnostic-scale\">\r\n                        <span class=\"diagnostic-number-container numberC\">\r\n                            <span class=\"diagnostic-number\" aria-hidden=\"false\">145.7<abbr class=\"hidden\" title=\"Unit\u00e9 de l&#039;\u00e9nergie primaire\">KWhEP \/ m\u00b2.an<\/abbr><\/span>\r\n                        <\/span>\r\n                    <\/div>\r\n                    <span>Logement \u00e9nergivore<\/span>\r\n                <\/div>\r\n                <div class=\"dpe-blank\">\r\n                    <span class=\"dpe-blank-title\">DPE vierge<\/span>\r\n                    <span class=\"dpe-blank-legend\">Consommations non exploitables<\/span>\r\n                <\/div>\r\n                <div class=\"dpe-not-subject\">\r\n                    <span class=\"dpe-not-subject-title\">Non soumis au diagnostic<\/span>\r\n                <\/div>\r\n            <\/figure>\r\n        <\/div>\r\n    \r\n    <\/div>\n\t\t\t\t\t\t<\/div>\n\t\t\t\t<\/div>\n\t\t\t\t\t<\/div>\n\t\t<\/div>\n\t\t\t\t<div class=\"elementor-column elementor-col-50 elementor-top-column elementor-element elementor-element-6d22315a\" data-id=\"6d22315a\" data-element_type=\"column\" data-e-type=\"column\">\n\t\t\t<div class=\"elementor-widget-wrap elementor-element-populated\">\n\t\t\t\t\t\t<div class=\"elementor-element elementor-element-212e75f5 elementor-widget elementor-widget-shortcode\" data-id=\"212e75f5\" data-element_type=\"widget\" data-e-type=\"widget\" data-widget_type=\"shortcode.default\">\n\t\t\t\t<div class=\"elementor-widget-container\">\n\t\t\t\t\t\t\t<div class=\"elementor-shortcode\">    \r\n        <div class=\"ges dpeges-inline\">\r\n        <span class=\"title\">Emission de Gaz \u00e0 Effet de Serre<\/span>\r\n        <figure class=\"emission emission-ges\">\r\n            <figcaption class=\"emission-title hidden\">Emission de Gaz \u00e0 Effet de Serre<\/figcaption>\r\n            <div class=\"emission-container \" aria-hidden=\"true\">\r\n                <div class=\"emission-legend\"><span>Faible \u00e9mission de GES<\/span> <span><abbr title=\"Quantit\u00e9 d&#039;\u00e9missions de gaz \u00e0 effet de serre\">Kg\u00e9qCO2 \/ m\u00b2.an<\/abbr><\/span><\/div>\r\n                <div class=\"emission-diagram\">\r\n                    <div class=\"emission-line line-a\"><span class=\"emission-value\">\u2264 5<\/span><span class=\"emission-letter letter-a\">A<\/span><\/div>\r\n                    <div class=\"emission-line line-b\"><span class=\"emission-value\">6 \u00e0 10<\/span><span class=\"emission-letter letter-b\">B<\/span><\/div>\r\n                    <div class=\"emission-line line-c\"><span class=\"emission-value\">11 \u00e0 20<\/span><span class=\"emission-letter letter-c\">C<\/span><\/div>\r\n                    <div class=\"emission-line line-d\"><span class=\"emission-value\">21 \u00e0 35<\/span><span class=\"emission-letter letter-d\">D<\/span><\/div>\r\n                    <div class=\"emission-line line-e\"><span class=\"emission-value\">36 \u00e0 55<\/span><span class=\"emission-letter letter-e\">E<\/span><\/div>\r\n                    <div class=\"emission-line line-f\"><span class=\"emission-value\">56 \u00e0 80<\/span><span class=\"emission-letter letter-f\">F<\/span><\/div>\r\n                    <div class=\"emission-line line-g\"><span class=\"emission-value\">&gt; 80<\/span><span class=\"emission-letter letter-g\">G<\/span><\/div>\r\n                <\/div>\r\n                <div class=\"emission-scale\">\r\n                    <span class=\"emission-number-container numberB\">\r\n                        <span class=\"emission-number\" aria-hidden=\"false\">5.9                            <abbr title=\"Quantit\u00e9 d&#039;\u00e9missions de gaz \u00e0 effet de serre\" class=\"hidden\">Kg\u00e9qCO2 \/ m\u00b2.an<\/abbr>\r\n                        <\/span>\r\n                    <\/span>\r\n                <\/div>\r\n                <span>Forte \u00e9mission de GES<\/span>\r\n            <\/div>\r\n            <div class=\"ges-blank\">\r\n                <span class=\"ges-blank-title\">GES vierge<\/span>\r\n                <span class=\"ges-blank-legend\">Consommations non exploitables<\/span>\r\n            <\/div>\r\n            <div class=\"ges-not-subject\">\r\n                <span class=\"ges-not-subject-title\">Non soumis au diagnostic<\/span>\r\n            <\/div>\r\n        <\/figure>\r\n    <\/div>\r\n    <\/div>\n\t\t\t\t\t\t<\/div>\n\t\t\t\t<\/div>\n\t\t\t\t\t<\/div>\n\t\t<\/div>\n\t\t\t\t\t<\/div>\n\t\t<\/section>\n\t\t\t\t<section class=\"elementor-section elementor-top-section elementor-element elementor-element-1fd0b82 elementor-section-boxed elementor-section-height-default elementor-section-height-default\" data-id=\"1fd0b82\" data-element_type=\"section\" data-e-type=\"section\">\n\t\t\t\t\t\t<div class=\"elementor-container elementor-column-gap-default\">\n\t\t\t\t\t<div class=\"elementor-column elementor-col-100 elementor-top-column elementor-element elementor-element-49c33fc7\" data-id=\"49c33fc7\" data-element_type=\"column\" data-e-type=\"column\">\n\t\t\t<div class=\"elementor-widget-wrap elementor-element-populated\">\n\t\t\t\t\t\t<div class=\"elementor-element elementor-element-48049213 elementor-widget elementor-widget-spacer\" data-id=\"48049213\" data-element_type=\"widget\" data-e-type=\"widget\" data-widget_type=\"spacer.default\">\n\t\t\t\t<div class=\"elementor-widget-container\">\n\t\t\t\t\t\t\t<div class=\"elementor-spacer\">\n\t\t\t<div class=\"elementor-spacer-inner\"><\/div>\n\t\t<\/div>\n\t\t\t\t\t\t<\/div>\n\t\t\t\t<\/div>\n\t\t\t\t<div class=\"elementor-element elementor-element-3a01ca36 elementor-align-center elementor-widget elementor-widget-button\" data-id=\"3a01ca36\" data-element_type=\"widget\" data-e-type=\"widget\" data-widget_type=\"button.default\">\n\t\t\t\t<div class=\"elementor-widget-container\">\n\t\t\t\t\t\t\t\t\t<div class=\"elementor-button-wrapper\">\n\t\t\t\t\t<a class=\"elementor-button elementor-button-link elementor-size-lg\" href=\"https:\/\/villegiales.fr\/index.php\/contact-nimes\/\" target=\"_blank\">\n\t\t\t\t\t\t<span class=\"elementor-button-content-wrapper\">\n\t\t\t\t\t\t<span class=\"elementor-button-icon\">\n\t\t\t\t<i aria-hidden=\"true\" class=\"fas fa-angle-double-right\"><\/i>\t\t\t<\/span>\n\t\t\t\t\t\t\t\t\t<span class=\"elementor-button-text\">Obtenir plus d'informations sur cet appartement<\/span>\n\t\t\t\t\t<\/span>\n\t\t\t\t\t<\/a>\n\t\t\t\t<\/div>\n\t\t\t\t\t\t\t\t<\/div>\n\t\t\t\t<\/div>\n\t\t\t\t<div class=\"elementor-element elementor-element-4399124a elementor-widget elementor-widget-spacer\" data-id=\"4399124a\" data-element_type=\"widget\" data-e-type=\"widget\" data-widget_type=\"spacer.default\">\n\t\t\t\t<div class=\"elementor-widget-container\">\n\t\t\t\t\t\t\t<div class=\"elementor-spacer\">\n\t\t\t<div class=\"elementor-spacer-inner\"><\/div>\n\t\t<\/div>\n\t\t\t\t\t\t<\/div>\n\t\t\t\t<\/div>\n\t\t\t\t\t<\/div>\n\t\t<\/div>\n\t\t\t\t\t<\/div>\n\t\t<\/section>\n\t\t\t\t<section class=\"elementor-section elementor-top-section elementor-element elementor-element-614bac88 elementor-section-content-middle elementor-section-stretched elementor-section-boxed elementor-section-height-default elementor-section-height-default\" data-id=\"614bac88\" data-element_type=\"section\" data-e-type=\"section\" data-settings=\"{&quot;background_background&quot;:&quot;classic&quot;,&quot;stretch_section&quot;:&quot;section-stretched&quot;}\">\n\t\t\t\t\t\t\t<div class=\"elementor-background-overlay\"><\/div>\n\t\t\t\t\t\t\t<div class=\"elementor-container elementor-column-gap-default\">\n\t\t\t\t\t<div class=\"elementor-column elementor-col-100 elementor-top-column elementor-element elementor-element-4281a3cf\" data-id=\"4281a3cf\" data-element_type=\"column\" data-e-type=\"column\">\n\t\t\t<div class=\"elementor-widget-wrap elementor-element-populated\">\n\t\t\t\t\t\t<div class=\"elementor-element elementor-element-39c59692 elementor-align-center elementor-widget elementor-widget-button\" data-id=\"39c59692\" data-element_type=\"widget\" data-e-type=\"widget\" data-widget_type=\"button.default\">\n\t\t\t\t<div class=\"elementor-widget-container\">\n\t\t\t\t\t\t\t\t\t<div class=\"elementor-button-wrapper\">\n\t\t\t\t\t<a class=\"elementor-button elementor-button-link elementor-size-xl\" href=\"https:\/\/villegiales.fr\/index.php\/locations\/\">\n\t\t\t\t\t\t<span class=\"elementor-button-content-wrapper\">\n\t\t\t\t\t\t\t\t\t<span class=\"elementor-button-text\">Nos autres locations<\/span>\n\t\t\t\t\t<\/span>\n\t\t\t\t\t<\/a>\n\t\t\t\t<\/div>\n\t\t\t\t\t\t\t\t<\/div>\n\t\t\t\t<\/div>\n\t\t\t\t\t<\/div>\n\t\t<\/div>\n\t\t\t\t\t<\/div>\n\t\t<\/section>\n\t\t\t\t<\/div>\n\t\t","protected":false},"excerpt":{"rendered":"<p>LOCATION : R\u00e9sidence Campagnette &#8211; NIMES N\u00eemes &#8211; P2 + Garage &#8211; climatis\u00e9 Surface Habitable 46\u00a0 m\u00b2 Surface Terrasse 5 m\u00b2 Etage 1et \u00e9tage avec ascenseur Description R\u00e9sidence calme et s\u00e9curis\u00e9e, \u00e0 proximit\u00e9 des commodit\u00e9s. Surface Terrasse 5 m\u00b2 Loyer 646\u00a0 \u20ac + Charges : 44 \u20ac \u00a0= 690 \u20ac Diagnostic des performances \u00e9nerg\u00e9tiques Obtenir [&hellip;]<\/p>\n","protected":false},"author":1,"featured_media":0,"parent":0,"menu_order":0,"comment_status":"closed","ping_status":"closed","template":"elementor_header_footer","meta":{"footnotes":""},"class_list":["post-4375","page","type-page","status-publish","hentry","entry"],"_links":{"self":[{"href":"https:\/\/villegiales.fr\/index.php\/wp-json\/wp\/v2\/pages\/4375","targetHints":{"allow":["GET"]}}],"collection":[{"href":"https:\/\/villegiales.fr\/index.php\/wp-json\/wp\/v2\/pages"}],"about":[{"href":"https:\/\/villegiales.fr\/index.php\/wp-json\/wp\/v2\/types\/page"}],"author":[{"embeddable":true,"href":"https:\/\/villegiales.fr\/index.php\/wp-json\/wp\/v2\/users\/1"}],"replies":[{"embeddable":true,"href":"https:\/\/villegiales.fr\/index.php\/wp-json\/wp\/v2\/comments?post=4375"}],"version-history":[{"count":0,"href":"https:\/\/villegiales.fr\/index.php\/wp-json\/wp\/v2\/pages\/4375\/revisions"}],"wp:attachment":[{"href":"https:\/\/villegiales.fr\/index.php\/wp-json\/wp\/v2\/media?parent=4375"}],"curies":[{"name":"wp","href":"https:\/\/api.w.org\/{rel}","templated":true}]}}